{"id":10814,"date":"2022-05-31T11:57:01","date_gmt":"2022-05-31T11:57:01","guid":{"rendered":"https:\/\/www.montbar.com\/?page_id=10814"},"modified":"2026-02-06T20:30:41","modified_gmt":"2026-02-06T20:30:41","slug":"aviso-legal","status":"publish","type":"page","link":"https:\/\/montbar.com\/ca\/aviso-legal\/","title":{"rendered":"Av\u00eds legal"},"content":{"rendered":"<p>[vc_row content_width=&#8221;grid&#8221; content_aligment=&#8221;center&#8221;][vc_column][vc_raw_html]JTNDaDElMjBjbGFzcyUzRCUyMmVsdGQtc2VjdGlvbi10aXRsZSUyMiUzRUF2JUMzJUFEcyUyMExlZ2FsJTNDJTJGaDElM0U=[\/vc_raw_html][\/vc_column][\/vc_row][vc_row][vc_column][vc_column_text]<\/p>\n<h4>Objecte<\/h4>\n<p>En compliment de la Llei 34\/2002 d&#8217;11 de juliol de Serveis de la Societat de la Informaci\u00f3 i de Comer\u00e7 Electr\u00f2nic, el titular del lloc web posa a disposici\u00f3 dels usuaris aquesta informaci\u00f3 legal aix\u00ed com informar respecte a quines s\u00f3n les condicions \u00fas del lloc web.<\/p>\n<p><span class=\"color-lightblue\">Denominaci\u00f3 Social: Trafuse S<\/span>.L.<\/p>\n<p><span class=\"color-lightblue\">Nom Comercial: Mont Bar<\/span><\/p>\n<p><span class=\"color-lightblue\">Domicili Social: Carrer SanT Pau 9, 25537 Mont (Vielha)<\/span><\/p>\n<p><span class=\"color-lightblue\">NIF: B25351230<\/span><\/p>\n<p><span class=\"color-lightblue\">Correu electr\u00f2nic: info@montbar.com<\/span><\/p>\n<p>El titular \u00e9s propietari del lloc web montbar.com i els seus subdominis i t\u00e9 per objecte facilitar informaci\u00f3 sobre els seus productes i serveis en el marc de la seva activitat comercial.<\/p>\n<p>&nbsp;<\/p>\n<h4>Responsabilitat<\/h4>\n<p>Mont Bar s&#8217;eximeix de qualsevol tipus de responsabilitat derivada de la informaci\u00f3 publicada al lloc web, sempre que aquesta informaci\u00f3 hagi estat manipulada o introdu\u00efda per un tercer ali\u00e8 a aquest.<\/p>\n<p>El lloc web pot utilitzar cookies (petits arxius dinformaci\u00f3 que el servidor envia a lordinador de qui accedeix a la p\u00e0gina) per dur a terme determinades funcions que s\u00f3n considerades imprescindibles per al correcte funcionament i visualitzaci\u00f3 del lloc. Les cookies utilitzades al lloc web tenen, en tot cas, car\u00e0cter temporal amb l&#8217;\u00fanica finalitat de fer m\u00e9s efica\u00e7 la transmissi\u00f3 ulterior i desapareixen en acabar la sessi\u00f3 de l&#8217;usuari. En cap cas no s&#8217;utilitzaran les cookies per recollir informaci\u00f3 de car\u00e0cter personal.<\/p>\n<p>Des del lloc web \u00e9s possible que es redirigeixi a continguts de tercers llocs web. At\u00e8s que el titular no pot controlar sempre els continguts introdu\u00efts pels tercers als seus llocs web, aquest no assumeix cap mena de responsabilitat respecte a aquests continguts. En tot cas, el titular manifesta que procedir\u00e0 a la retirada immediata de qualsevol contingut que pogu\u00e9s contravenir la legislaci\u00f3 nacional o internacional, la moral o l&#8217;ordre p\u00fablic, procedint a la retirada immediata de la redirecci\u00f3 a aquest lloc web, posant en coneixement de les autoritats competents el contingut en q\u00fcesti\u00f3.<\/p>\n<p>El titular no es fa responsable de la informaci\u00f3 i continguts emmagatzemats, a t\u00edtol enunciatiu, per\u00f2 no limitatiu, en f\u00f2rums, xats, generadors de blocs, comentaris, xarxes socials o qualsevol altre mitj\u00e0 que permeti a tercers publicar continguts de forma independent a la p\u00e0gina web del titular.<\/p>\n<p>No obstant aix\u00f2, i en compliment del que disposa l&#8217;art. 11 i 16 de la LSSI-CE, el titular es posa a disposici\u00f3 de tots els usuaris, autoritats i forces de seguretat, i col\u00b7laborant de forma activa en la retirada o si \u00e9s el cas bloqueig de tots aquells continguts que poguessin afectar o contravenir la legislaci\u00f3 nacional, o internacional, drets de tercers o la moral i lordre p\u00fablic. En cas que l&#8217;usuari consideri que hi ha al lloc web algun contingut que pogu\u00e9s ser susceptible d&#8217;aquesta classificaci\u00f3, es prega que ho notifiqui de manera immediata a l&#8217;administrador del lloc web.<\/p>\n<p>Aquest lloc web ha estat revisat i provat perqu\u00e8 funcioni correctament. En principi, es pot garantir el funcionament correcte els 365 dies de l&#8217;any, 24 hores al dia. Aix\u00f2 no obstant, el titular no descarta la possibilitat que hi hagi certs errors de programaci\u00f3, o que esdevinguin causes de for\u00e7a major, cat\u00e0strofes naturals, vagues, o circumst\u00e0ncies semblants que facin impossible l&#8217;acc\u00e9s a la p\u00e0gina web.<\/p>\n<h4>Propietat Intelectual i industrial<\/h4>\n<p>El lloc web, incloent a t\u00edtol enunciatiu, per\u00f2 no limitatiu la seva programaci\u00f3, edici\u00f3, compilaci\u00f3 i altres elements necessaris per al seu funcionament, els dissenys, logotips, text i\/o gr\u00e0fics s\u00f3n propietat del titular si escau disposa de llic\u00e8ncia o autoritzaci\u00f3 expressa per part dels autors. Tots els continguts del lloc web es troben degudament protegits per la normativa de propietat intel\u00b7lectual i industrial, aix\u00ed com inscrits als registres p\u00fablics corresponents.<\/p>\n<p>Independentment de la finalitat per a la qual fossin destinats, la reproducci\u00f3 total o parcial, \u00fas, explotaci\u00f3, distribuci\u00f3 i comercialitzaci\u00f3 requereix en tot cas de lautoritzaci\u00f3 escrita pr\u00e8via per part del titular. Qualsevol \u00fas no autoritzat pr\u00e8viament per part del titular ser\u00e0 considerat un incompliment greu dels drets de propietat intel\u00b7lectual o industrial de lautor.<\/p>\n<p>Els dissenys, logotips, text i\/o gr\u00e0fics aliens al titular i que poguessin apar\u00e8ixer al lloc web, pertanyen als seus respectius propietaris, sent ells mateixos responsables de qualsevol possible controv\u00e8rsia que pogu\u00e9s suscitar-se respecte a aquests. En tot cas, el titular compta amb lautoritzaci\u00f3 expressa i pr\u00e8via per part dels mateixos.<\/p>\n<p>El titular NO AUTORITZA expressament al fet que tercers puguin redirigir directament als continguts concrets del lloc web, havent de redirigir en tot cas al lloc web principal del titular.<\/p>\n<p>El titular reconeix a favor dels seus titulars els corresponents drets de propietat industrial i intel\u00b7lectual, i no implica la seva sola menci\u00f3 o aparici\u00f3 al lloc web l&#8217;exist\u00e8ncia de drets o responsabilitat del titular sobre aquests, com tampoc suport, patrocini o recomanaci\u00f3 per part del mateix.<\/p>\n<p>Per fer qualsevol tipus d&#8217;observaci\u00f3 respecte a possibles incompliments dels drets de propietat intel\u00b7lectual o industrial, aix\u00ed com sobre qualsevol dels continguts del lloc web, podeu fer-ho a trav\u00e9s del correu electr\u00f2nic info@montbar.com.<\/p>\n<p>&nbsp;<\/p>\n<h4>Protecci\u00f3 de dades personals<\/h4>\n<p>En comprom\u00eds pel compliment de la normativa espanyola de protecci\u00f3 de dades de car\u00e0cter personal, el titular posa a disposici\u00f3 dels usuaris la Pol\u00edtica de Privadesa existent a l&#8217;organitzaci\u00f3 el que garanteix el compliment \u00edntegre de les obligacions disposades, aix\u00ed com la implementaci\u00f3 de les mesures t\u00e8cniques i organitzatives necess\u00e0ries per garantir la seguretat de la informaci\u00f3 i poder demostrar que s\u00f3n adequades i eficaces.<\/p>\n<p>&nbsp;<\/p>\n<h4>\u00das correcte del lloc Web<\/h4>\n<p>L&#8217;Usuari es compromet a utilitzar el lloc web de conformitat a la Llei i al present Av\u00eds Legal, aix\u00ed com a la moral i als bons costums. A aquest efecte, l&#8217;Usuari s&#8217;abstindr\u00e0 d&#8217;utilitzar la p\u00e0gina amb finalitats il\u00b7l\u00edcites o prohibides, lesives de drets i interessos de tercers, o que de qualsevol manera puguin danyar, inutilitzar, sobrecarregar, deteriorar o impedir la utilitzaci\u00f3 normal d&#8217;equips inform\u00e0tics o documents, arxius i tota mena de continguts emmagatzemats en qualsevol equip inform\u00e0tic del prestador.<\/p>\n<p>En particular, ia t\u00edtol indicatiu, per\u00f2 no exhaustiu, l&#8217;Usuari es compromet a no transmetre, difondre o posar a disposici\u00f3 de tercers informacions, dades, continguts, missatges, gr\u00e0fics, dibuixos, arxius de so o imatge, fotografies, enregistraments, programari i , en general, qualsevol classe de material que:<\/p>\n<ul>\n<li>Sigui contr\u00e0ria, menysprea o atempti contra els drets fonamentals i les llibertats p\u00fabliques reconegudes constitucionalment, en tractats internacionals i altres normes vigents;<\/li>\n<li>Indueixi, inciti o promogui actuacions delictives, denigrants, difamat\u00f2ries, violentes o, en general, contr\u00e0ries a la llei, a la moral ia l&#8217;ordre p\u00fablic;<\/li>\n<li>Indueixi, inciti o promogui actuacions, actituds o pensaments discriminatoris per ra\u00f3 de sexe, ra\u00e7a, religi\u00f3, creences, edat o condici\u00f3;<\/li>\n<li>Sigui contrari al dret a l&#8217;honor, a la intimitat personal o familiar oa la pr\u00f2pia imatge de les persones;<\/li>\n<li>De qualsevol manera perjudiqui la credibilitat del prestador o de tercers; i<\/li>\n<li>Constitueixi publicitat il\u00b7l\u00edcita, enganyosa o deslleial.<\/li>\n<\/ul>\n<div><\/div>\n<div>\n<h4>Llei aplicable i jurisdicci\u00f3<\/h4>\n<p>Per a la resoluci\u00f3 de totes les controv\u00e8rsies o q\u00fcestions relacionades amb aquest lloc web o de les activitats que s&#8217;hi desenvolupin, ser\u00e0 aplicable la legislaci\u00f3 espanyola, a la qual se sotmeten expressament les parts, sent competents per a la resoluci\u00f3 de tots els conflictes derivats o relacionats amb el seu \u00fas els jutjats i els tribunals de Barcelona.<\/p>\n<\/div>\n<h4>Condicions Generals<\/h4>\n<h4 data-start=\"6953\" data-end=\"6972\"><strong data-start=\"6957\" data-end=\"6972\">Confirmaci\u00f3<\/strong><\/h4>\n<p data-start=\"6973\" data-end=\"7128\">Rebr\u00e0 un correu electr\u00f2nic un cop confirmada la reserva en l\u00ednia. Si rep errors o no rep confirmaci\u00f3, contacteu amb nosaltres tan aviat com sigui possible.<\/p>\n<h4 data-start=\"7130\" data-end=\"7194\"><strong data-start=\"7134\" data-end=\"7194\">Pol\u00edtica de Cancel\u00b7laci\u00f3 \u2013 72\u202fHores (Totes les reserves)<\/strong><\/h4>\n<p data-start=\"202\" data-end=\"389\">Reserves d\u20191 a 4 persones<br data-start=\"227\" data-end=\"230\" \/>Opcions de men\u00fa:<br data-start=\"246\" data-end=\"249\" \/>\u2013 Men\u00fa Cl\u00e0ssic: 190 \u20ac per persona<br data-start=\"282\" data-end=\"285\" \/>\u2013 Men\u00fa Mont: 240 \u20ac per persona<br data-start=\"315\" data-end=\"318\" \/>Tots els comensals de la taula han d\u2019escollir la mateixa opci\u00f3 de men\u00fa.<\/p>\n<p data-start=\"391\" data-end=\"750\">\u2022 Qualsevol cancel\u00b7laci\u00f3, modificaci\u00f3 o no presentaci\u00f3 amb menys de 72 hores d\u2019antelaci\u00f3 comportar\u00e0 el c\u00e0rrec \u00edntegre del men\u00fa per persona.<br data-start=\"534\" data-end=\"537\" \/>\u2022 Els pagaments anticipats no s\u00f3n reemborsables, per\u00f2 es podran transferir com a cr\u00e8dit si la cancel\u00b7laci\u00f3 es realitza amb m\u00e9s de 72 hores d\u2019antelaci\u00f3.<br data-start=\"696\" data-end=\"699\" \/>\u2022 Aquest cr\u00e8dit tindr\u00e0 una validesa de 6 mesos.<\/p>\n<p data-start=\"752\" data-end=\"1063\">Opci\u00f3 a la carta (nom\u00e9s servei de migdia):<br data-start=\"794\" data-end=\"797\" \/>\u2022 La carta s\u2019ofereix exclusivament durant el servei de dinar.<br data-start=\"858\" data-end=\"861\" \/>\u2022 Es requereix un consum m\u00ednim de 3 snacks i 2 plats principals per persona.<br data-start=\"941\" data-end=\"944\" \/>\u2022 En cas de qualsevol canvi, cancel\u00b7laci\u00f3 o no presentaci\u00f3, s\u2019aplicar\u00e0 una pol\u00edtica equivalent a 190 \u20ac per persona.<\/p>\n<p data-start=\"1065\" data-end=\"1409\">Reserves de 5 a 10 persones<br data-start=\"1092\" data-end=\"1095\" \/>\u2022 S\u2019ofereix exclusivament el Men\u00fa Mont (240 \u20ac per persona).<br data-start=\"1158\" data-end=\"1161\" \/>\u2022 \u00c9s obligatori un pagament previ de 240 \u20ac per persona, no reemborsable.<br data-start=\"1237\" data-end=\"1240\" \/>\u2022 Qualsevol cancel\u00b7laci\u00f3, modificaci\u00f3 o reducci\u00f3 del nombre de comensals dins de les 72 hores pr\u00e8vies a la reserva comportar\u00e0 la p\u00e8rdua total de l\u2019import abonat.<\/p>\n<h4 data-start=\"7841\" data-end=\"7856\"><strong data-start=\"7845\" data-end=\"7856\">Retards<\/strong><\/h4>\n<p data-start=\"7857\" data-end=\"7977\">Guardem la taula 15 minuts. Si no us presenteu ni aviseu, la reserva es pot cancel\u00b7lar i aplicar la pol\u00edtica de no-show.<\/p>\n<h4 data-start=\"7979\" data-end=\"7998\"><strong data-start=\"7983\" data-end=\"7998\">For\u00e7a Major<\/strong><\/h4>\n<p data-start=\"7999\" data-end=\"8249\">La malaltia, la cancel\u00b7laci\u00f3 de vols o emerg\u00e8ncies no eximeixen absolutament de la pol\u00edtica aplicable. Pots presentar documentaci\u00f3 oficial i Mont\u202fBar podria, a la seva discreci\u00f3, oferir un reembossament parcial o cr\u00e8dit com a mostra de bona voluntat.<\/p>\n<h4 data-start=\"8251\" data-end=\"8277\"><strong data-start=\"8255\" data-end=\"8277\">Despeses de Gesti\u00f3<\/strong><\/h4>\n<p data-start=\"8278\" data-end=\"8328\">Les despeses administratives (5%) no s\u00f3n reemborsables.<\/p>\n<h4 data-start=\"8330\" data-end=\"8373\"><strong data-start=\"8334\" data-end=\"8373\">Tenda Online \/ Take\u2011away \/ Delivery<\/strong><\/h4>\n<p data-start=\"8374\" data-end=\"8461\">S\u2019apliquen condicions espec\u00edfiques. Contacteu amb el restaurant per obtenir informaci\u00f3.<\/p>\n<h4>Compra online<\/h4>\n<p dir=\"ltr\">Per a m\u00e9s informaci\u00f3 sobre les condicions de la botiga en l\u00ednia, consultar amb el restaurant.<\/p>\n<h4>Take Away \/ Delivery<\/h4>\n<p dir=\"ltr\">Per a m\u00e9s informaci\u00f3 sobre les condicions, consulteu amb el restaurant.<\/p>\n<p>[\/vc_column_text][\/vc_column][\/vc_row]<\/p>\n","protected":false},"excerpt":{"rendered":"<p>[vc_row content_width=&#8221;grid&#8221; content_aligment=&#8221;center&#8221;][vc_column][vc_raw_html]JTNDaDElMjBjbGFzcyUzRCUyMmVsdGQtc2VjdGlvbi10aXRsZSUyMiUzRUF2JUMzJUFEcyUyMExlZ2FsJTNDJTJGaDElM0U=[\/vc_raw_html][\/vc_column][\/vc_row][vc_row][vc_column][vc_column_text] Objecte En compliment de la Llei 34\/2002 d&#8217;11 de juliol de Serveis de la Societat de la Informaci\u00f3 i de Comer\u00e7 Electr\u00f2nic, el titular del lloc web posa a disposici\u00f3 dels usuaris aquesta informaci\u00f3 legal aix\u00ed com informar respecte a quines s\u00f3n&#8230;<\/p>\n","protected":false},"author":2,"featured_media":0,"parent":0,"menu_order":0,"comment_status":"closed","ping_status":"closed","template":"","meta":{"footnotes":""},"class_list":["post-10814","page","type-page","status-publish","hentry"],"_links":{"self":[{"href":"https:\/\/montbar.com\/ca\/wp-json\/wp\/v2\/pages\/10814","targetHints":{"allow":["GET"]}}],"collection":[{"href":"https:\/\/montbar.com\/ca\/wp-json\/wp\/v2\/pages"}],"about":[{"href":"https:\/\/montbar.com\/ca\/wp-json\/wp\/v2\/types\/page"}],"author":[{"embeddable":true,"href":"https:\/\/montbar.com\/ca\/wp-json\/wp\/v2\/users\/2"}],"replies":[{"embeddable":true,"href":"https:\/\/montbar.com\/ca\/wp-json\/wp\/v2\/comments?post=10814"}],"version-history":[{"count":26,"href":"https:\/\/montbar.com\/ca\/wp-json\/wp\/v2\/pages\/10814\/revisions"}],"predecessor-version":[{"id":12618,"href":"https:\/\/montbar.com\/ca\/wp-json\/wp\/v2\/pages\/10814\/revisions\/12618"}],"wp:attachment":[{"href":"https:\/\/montbar.com\/ca\/wp-json\/wp\/v2\/media?parent=10814"}],"curies":[{"name":"wp","href":"https:\/\/api.w.org\/{rel}","templated":true}]}}