{"id":10817,"date":"2022-05-31T11:56:42","date_gmt":"2022-05-31T11:56:42","guid":{"rendered":"https:\/\/www.montbar.com\/?page_id=10817"},"modified":"2025-02-17T20:21:36","modified_gmt":"2025-02-17T20:21:36","slug":"politica-de-privacidad","status":"publish","type":"page","link":"https:\/\/montbar.com\/ca\/politica-de-privacidad\/","title":{"rendered":"Pol\u00edtica de privacitat"},"content":{"rendered":"<p>[vc_row content_width=&#8221;grid&#8221; content_aligment=&#8221;center&#8221;][vc_column][vc_raw_html]JTNDaDElMjBjbGFzcyUzRCUyMmVsdGQtc2VjdGlvbi10aXRsZSUyMiUzRVBvbCVDMyVBRHRpY2ElMjBkZSUyMHByaXZhY2l0YXQlM0MlMkZoMSUzRQ==[\/vc_raw_html][\/vc_column][\/vc_row][vc_row][vc_column][vc_column_text]En compliment del Reglament General de Protecci\u00f3 de Dades de Car\u00e0cter Personal, s&#8217;informa a l&#8217;interessat del seg\u00fcent:<\/p>\n<h3>Responsable del tractament<\/h3>\n<table>\n<tbody>\n<tr>\n<td>\n<p dir=\"ltr\"><strong>Identitat<\/strong><\/p>\n<\/td>\n<td>\n<p dir=\"ltr\">Trafuse SL<\/p>\n<\/td>\n<\/tr>\n<tr>\n<td>\n<p dir=\"ltr\"><strong>Adre\u00e7a postal<\/strong><\/p>\n<\/td>\n<td>\n<p dir=\"ltr\">Carrer Sant Pau, 9<\/p>\n<p dir=\"ltr\">25537, Mont, Vielha, ES<\/p>\n<\/td>\n<\/tr>\n<tr>\n<td>\n<p dir=\"ltr\"><strong>CIF<\/strong><\/p>\n<\/td>\n<td>\n<p dir=\"ltr\">B25351230<\/p>\n<\/td>\n<\/tr>\n<tr>\n<td>\n<p dir=\"ltr\"><strong>Correu electr\u00f2nic<\/strong><\/p>\n<\/td>\n<td>\n<p dir=\"ltr\">info@montbar.com<\/p>\n<\/td>\n<\/tr>\n<tr>\n<td>\n<p dir=\"ltr\"><strong>P\u00e0gina web<\/strong><\/p>\n<\/td>\n<td>\n<p dir=\"ltr\"><a href=\"https:\/\/montbar.com\/\">https:\/\/montbar.com\/<\/a><\/p>\n<\/td>\n<\/tr>\n<\/tbody>\n<\/table>\n<h3>Finalitat del tractament<\/h3>\n<p>Es tractaran les dades per a la gesti\u00f3 de la reserva, la prestaci\u00f3 del servei i prospecci\u00f3 comercial dels nostres serveis\/productes, aix\u00ed com per evitar duplicitats amb altres restaurants que comparteixin programari de reserves.<\/p>\n<p>Les dades personals proporcionades es conservaran durant el temps que sigui estrictament necessari, mentre no se&#8217;n sol\u00b7liciti la supressi\u00f3, o b\u00e9 fins que deixin d&#8217;ajustar-se a la finalitat per a la qual van ser recollides.<\/p>\n<h3>Legitimaci\u00f3<\/h3>\n<p dir=\"ltr\">La base legal sobre la qual es fonamenta el tractament de les dades \u00e9s la seg\u00fcent:<\/p>\n<ul>\n<li dir=\"ltr\">Consentiment inequ\u00edvoc i expr\u00e9s dels nostres clients per rebre el servei prestat.<\/li>\n<li dir=\"ltr\">Execuci\u00f3 d&#8217;un contracte o mesures precontractuals.<\/li>\n<li dir=\"ltr\">Inter\u00e8s leg\u00edtim.<\/li>\n<li dir=\"ltr\">Seguiment d&#8217;obligacions legals.<\/li>\n<\/ul>\n<h3><\/h3>\n<h3>Destinataris<\/h3>\n<p>Es podran realitzar cessions de dades a prove\u00efdors o per a finalitats estad\u00edstiques.<\/p>\n<p>Les dades es cedeixen a RESTAURANT BOOKING SOLUTIONS SL (CoverManager) per a la gesti\u00f3 de les reserves en virtut d&#8217;un contracte d&#8217;encarregat de tractament de dades. M\u00e9s info sobre la pol\u00edtica de privadesa de CoverManager a https:\/\/www.covermanager.com\/politica-privacidad\/ Tamb\u00e9 es podran realitzar cessions de dades a altres restaurants que comparteixin el mateix programari de reserves \u00fanicament amb la finalitat de detectar duplicitats.<\/p>\n<h3>Drets<\/h3>\n<p dir=\"ltr\">Li amparen\u00a0els drets seg\u00fcents recollits pel RGPD:<\/p>\n<p dir=\"ltr\"><strong>Dret a sol\u00b7licitar l&#8217;acc\u00e9s a les dades personals<\/strong>, es podr\u00e0 requerir informaci\u00f3 al responsable d&#8217;un fitxer sobre si les dades personals estan sent tractades.<\/p>\n<p dir=\"ltr\"><strong>Dret a sol\u00b7licitar la rectificaci\u00f3<\/strong> permet sol\u00b7licitar la modificaci\u00f3 de dades que siguin inexactes o incomplets.<\/p>\n<p dir=\"ltr\"><strong>Dret a oposar-se al tractament<\/strong>, permet sol\u00b7licitar que deixin de tractar-se les dades sota els requisits establerts legalment.<\/p>\n<p dir=\"ltr\"><strong>Dret a sol\u00b7licitar la seva supressi\u00f3<\/strong>\u00a0revocar el consentiment prestat i sol\u00b7licitar que s&#8217;eliminin les dades personals.<\/p>\n<p dir=\"ltr\"><strong>Dret a la limitaci\u00f3 del seu tractament<\/strong>: dret a exigir que s&#8217;apliquin mesures sobre aquestes dades per, entre altres coses, evitar-ne la modificaci\u00f3 o, si s&#8217;escau, l&#8217;esborrament o la supressi\u00f3.<\/p>\n<p dir=\"ltr\"><strong>Dret a la portabilitat de les dades<\/strong>: sol\u00b7licitar que se li faciliti la informaci\u00f3 en un format estructurat i clar a un altre responsable.<\/p>\n<p dir=\"ltr\"><strong>\u00bfCom exercir aquests drets?<\/strong><\/p>\n<p dir=\"ltr\">&#8211; Mitjan\u00e7ant un escrit dirigit a Trafuse SL, Carrer Sant Pau, 9 25537, Mont, Vielha, ES.<\/p>\n<p dir=\"ltr\">&#8211; Mitjan\u00e7ant correu electr\u00f2nic adre\u00e7at a info@montbar.com.<\/p>\n<p>[\/vc_column_text][\/vc_column][\/vc_row]<\/p>\n","protected":false},"excerpt":{"rendered":"<p>[vc_row content_width=&#8221;grid&#8221; content_aligment=&#8221;center&#8221;][vc_column][vc_raw_html]JTNDaDElMjBjbGFzcyUzRCUyMmVsdGQtc2VjdGlvbi10aXRsZSUyMiUzRVBvbCVDMyVBRHRpY2ElMjBkZSUyMHByaXZhY2l0YXQlM0MlMkZoMSUzRQ==[\/vc_raw_html][\/vc_column][\/vc_row][vc_row][vc_column][vc_column_text]En compliment del Reglament General de Protecci\u00f3 de Dades de Car\u00e0cter Personal, s&#8217;informa a l&#8217;interessat del seg\u00fcent: Responsable del tractament Identitat Trafuse SL Adre\u00e7a postal Carrer Sant Pau, 9 25537, Mont, Vielha, ES CIF B25351230 Correu electr\u00f2nic info@montbar.com P\u00e0gina web https:\/\/montbar.com\/ Finalitat del&#8230;<\/p>\n","protected":false},"author":2,"featured_media":0,"parent":0,"menu_order":0,"comment_status":"closed","ping_status":"closed","template":"","meta":{"footnotes":""},"class_list":["post-10817","page","type-page","status-publish","hentry"],"_links":{"self":[{"href":"https:\/\/montbar.com\/ca\/wp-json\/wp\/v2\/pages\/10817","targetHints":{"allow":["GET"]}}],"collection":[{"href":"https:\/\/montbar.com\/ca\/wp-json\/wp\/v2\/pages"}],"about":[{"href":"https:\/\/montbar.com\/ca\/wp-json\/wp\/v2\/types\/page"}],"author":[{"embeddable":true,"href":"https:\/\/montbar.com\/ca\/wp-json\/wp\/v2\/users\/2"}],"replies":[{"embeddable":true,"href":"https:\/\/montbar.com\/ca\/wp-json\/wp\/v2\/comments?post=10817"}],"version-history":[{"count":18,"href":"https:\/\/montbar.com\/ca\/wp-json\/wp\/v2\/pages\/10817\/revisions"}],"predecessor-version":[{"id":11925,"href":"https:\/\/montbar.com\/ca\/wp-json\/wp\/v2\/pages\/10817\/revisions\/11925"}],"wp:attachment":[{"href":"https:\/\/montbar.com\/ca\/wp-json\/wp\/v2\/media?parent=10817"}],"curies":[{"name":"wp","href":"https:\/\/api.w.org\/{rel}","templated":true}]}}