{"id":10984,"date":"2022-11-22T19:00:48","date_gmt":"2022-11-22T19:00:48","guid":{"rendered":"https:\/\/www.montbar.com\/?page_id=10984"},"modified":"2026-02-06T20:35:56","modified_gmt":"2026-02-06T20:35:56","slug":"preguntas-frecuentes","status":"publish","type":"page","link":"https:\/\/montbar.com\/ca\/preguntas-frecuentes\/","title":{"rendered":"Preguntes Freq\u00fcents"},"content":{"rendered":"<p>[vc_row content_width=&#8221;grid&#8221; content_aligment=&#8221;center&#8221;][vc_column][vc_raw_html]JTNDaDElMjBjbGFzcyUzRCUyMmVsdGQtc2VjdGlvbi10aXRsZSUyMiUzRVBSRUdVTlRFUyUyMEZSRVElQzMlOUNFTlRTJTNDJTJGaDElM0U=[\/vc_raw_html][\/vc_column][\/vc_row][vc_row disable_element=&#8221;yes&#8221; content_width=&#8221;grid&#8221; content_aligment=&#8221;center&#8221;][vc_column]<div class=\"eltd-section-title-outer-holder\" style=\"text-align: center\">\n\n\t\n\t\t\t<div class=\"eltd-section-title-title-holder\">\n\t\t\t\t<h2 class=\"eltd-section-title\" style=\";;;;;;;\">\n\t\t\t\tPREGUNTES FREQ\u00dcENTS\t\t\t\t<\/h2>\n\t\t<\/div>\n\t\n<\/div>[\/vc_column][\/vc_row][vc_row][vc_column]<div class=\"eltd-accordion-holder clearfix eltd-accordion eltd-boxed light\">\n\t<p class=\"clearfix eltd-title-holder\">\n\t<span class=\"eltd-accordion-mark eltd-left-mark\">\n\t\t<span class=\"eltd-accordion-mark-icon\">\n\t\t\t<span class=\"icon_plus\"><\/span>\n\t\t\t<span class=\"icon_minus-06\"><\/span>\n\t\t<\/span>\n\t<\/span>\n\t<span class=\"eltd-tab-title\">\n\t\t<span class=\"eltd-tab-title-inner\">\n\t\t\tTeniu carta o men\u00fa degustaci\u00f3?\t\t<\/span>\n\t<\/span>\n<\/p>\n<div class=\"eltd-accordion-content\" >\n\t<div class=\"eltd-accordion-content-inner\">\n\t\t[vc_column_text]<\/p>\n<p data-start=\"146\" data-end=\"295\">A Mont Bar oferim dues maneres de gaudir de la nostra proposta gastron\u00f2mica: <strong data-start=\"223\" data-end=\"242\">men\u00fa degustaci\u00f3<\/strong> i, durant el servei de migdia, <strong data-start=\"274\" data-end=\"294\">opci\u00f3 a la carta<\/strong>.<\/p>\n<p data-start=\"297\" data-end=\"504\">Durant el servei de sopar, treballem exclusivament amb els nostres men\u00fas degustaci\u00f3:<br \/>\n\u2013 <strong data-start=\"384\" data-end=\"411\">Men\u00fa Degustaci\u00f3 Cl\u00e0ssic<\/strong><br data-start=\"411\" data-end=\"414\" \/>\u2013 <strong data-start=\"416\" data-end=\"440\">Men\u00fa Degustaci\u00f3 Mont<\/strong>, que inclou una selecci\u00f3 m\u00e9s \u00e0mplia de producte i elaboracions.<\/p>\n<p data-start=\"506\" data-end=\"835\">Els nostres men\u00fas degustaci\u00f3 estan pensats per oferir una experi\u00e8ncia gastron\u00f2mica completa, formada per una seq\u00fc\u00e8ncia de snacks individuals i plats per compartir, elaborats amb producte local i de temporada, aix\u00ed com alguns dels plats m\u00e9s emblem\u00e0tics de Mont Bar. El <strong data-start=\"774\" data-end=\"798\">Men\u00fa Degustaci\u00f3 Mont<\/strong> ofereix una experi\u00e8ncia m\u00e9s extensa.<\/p>\n<p data-start=\"837\" data-end=\"983\">Durant el servei de migdia, tamb\u00e9 existeix l\u2019opci\u00f3 de menjar <strong data-start=\"898\" data-end=\"912\">a la carta<\/strong>, amb un consum m\u00ednim de <strong data-start=\"937\" data-end=\"982\">3 snacks i 2 plats principals per persona<\/strong>.<\/p>\n<p data-start=\"985\" data-end=\"1113\">Disposem igualment de <strong data-start=\"1007\" data-end=\"1039\">maridatges de vins opcionals<\/strong>, dissenyats per acompanyar ambd\u00f3s men\u00fas degustaci\u00f3 i potenciar cada plat.<\/p>\n<p data-start=\"1115\" data-end=\"1285\">Per garantir una experi\u00e8ncia gastron\u00f2mica harmoniosa, <strong data-start=\"1169\" data-end=\"1258\">tots els comensals d\u2019una mateixa reserva han d\u2019escollir la mateixa opci\u00f3 gastron\u00f2mica<\/strong> (men\u00fa degustaci\u00f3 o carta).<\/p>\n<p data-start=\"1287\" data-end=\"1486\">\u00c9s imprescindible informar-nos amb antelaci\u00f3 de qualsevol <strong data-start=\"1345\" data-end=\"1432\">al\u00b7l\u00e8rgia, intoler\u00e0ncia, restricci\u00f3 aliment\u00e0ria o ingredient que prefereixin evitar<\/strong>, per tal de poder adaptar l\u2019experi\u00e8ncia adequadament.<\/p>\n<p>[\/vc_column_text]\t<\/div>\n<\/div><\/div><div class=\"eltd-accordion-holder clearfix eltd-toggle eltd-boxed light\">\n\t<p class=\"clearfix eltd-title-holder\">\n\t<span class=\"eltd-accordion-mark eltd-left-mark\">\n\t\t<span class=\"eltd-accordion-mark-icon\">\n\t\t\t<span class=\"icon_plus\"><\/span>\n\t\t\t<span class=\"icon_minus-06\"><\/span>\n\t\t<\/span>\n\t<\/span>\n\t<span class=\"eltd-tab-title\">\n\t\t<span class=\"eltd-tab-title-inner\">\n\t\t\tCal fer reserva pr\u00e8via?\t\t<\/span>\n\t<\/span>\n<\/p>\n<div class=\"eltd-accordion-content\" >\n\t<div class=\"eltd-accordion-content-inner\">\n\t\t[vc_column_text]Montbar t\u00e9 un espai \u00edntim, amb capacitat limitada. Per aquest motiu, recomanem reservar amb antelaci\u00f3.[\/vc_column_text]\t<\/div>\n<\/div><\/div><div class=\"eltd-accordion-holder clearfix eltd-toggle eltd-boxed light\">\n\t<p class=\"clearfix eltd-title-holder\">\n\t<span class=\"eltd-accordion-mark eltd-left-mark\">\n\t\t<span class=\"eltd-accordion-mark-icon\">\n\t\t\t<span class=\"icon_plus\"><\/span>\n\t\t\t<span class=\"icon_minus-06\"><\/span>\n\t\t<\/span>\n\t<\/span>\n\t<span class=\"eltd-tab-title\">\n\t\t<span class=\"eltd-tab-title-inner\">\n\t\t\tTeniu dress code?\t\t<\/span>\n\t<\/span>\n<\/p>\n<div class=\"eltd-accordion-content\" >\n\t<div class=\"eltd-accordion-content-inner\">\n\t\t[vc_column_text]El nostre dess code \u00e9s semiformal \/ business informal \/ c\u00f3ctel. No recomanem roba molt casual com roba de platja o roba d&#8217;esport.[\/vc_column_text]\t<\/div>\n<\/div><\/div><div class=\"eltd-accordion-holder clearfix eltd-toggle eltd-boxed light\">\n\t<p class=\"clearfix eltd-title-holder\">\n\t<span class=\"eltd-accordion-mark eltd-left-mark\">\n\t\t<span class=\"eltd-accordion-mark-icon\">\n\t\t\t<span class=\"icon_plus\"><\/span>\n\t\t\t<span class=\"icon_minus-06\"><\/span>\n\t\t<\/span>\n\t<\/span>\n\t<span class=\"eltd-tab-title\">\n\t\t<span class=\"eltd-tab-title-inner\">\n\t\t\tEs pot venir amb infants?\t\t<\/span>\n\t<\/span>\n<\/p>\n<div class=\"eltd-accordion-content\" >\n\t<div class=\"eltd-accordion-content-inner\">\n\t\t[vc_column_text]Si els agrada el menjar gastron\u00f2mic, \u00e9s clar que s\u00ed, per\u00f2 recordeu que \u00e9s un espai \u00edntim pel que demanem respecte durant l&#8217;estada de totes les nostres visites.[\/vc_column_text]\t<\/div>\n<\/div><\/div><div class=\"eltd-accordion-holder clearfix eltd-toggle eltd-boxed light\">\n\t<p class=\"clearfix eltd-title-holder\">\n\t<span class=\"eltd-accordion-mark eltd-left-mark\">\n\t\t<span class=\"eltd-accordion-mark-icon\">\n\t\t\t<span class=\"icon_plus\"><\/span>\n\t\t\t<span class=\"icon_minus-06\"><\/span>\n\t\t<\/span>\n\t<\/span>\n\t<span class=\"eltd-tab-title\">\n\t\t<span class=\"eltd-tab-title-inner\">\n\t\t\tOn us trobeu?\t\t<\/span>\n\t<\/span>\n<\/p>\n<div class=\"eltd-accordion-content\" >\n\t<div class=\"eltd-accordion-content-inner\">\n\t\t[vc_column_text]Som al c\u00e8ntric barri de l&#8217;Eixample, entre el Carrer Aribau i el Carrer Diputaci\u00f3, a prop de Pla\u00e7a Universitat.[\/vc_column_text]\t<\/div>\n<\/div><\/div><div class=\"eltd-accordion-holder clearfix eltd-toggle eltd-boxed light\">\n\t<p class=\"clearfix eltd-title-holder\">\n\t<span class=\"eltd-accordion-mark eltd-left-mark\">\n\t\t<span class=\"eltd-accordion-mark-icon\">\n\t\t\t<span class=\"icon_plus\"><\/span>\n\t\t\t<span class=\"icon_minus-06\"><\/span>\n\t\t<\/span>\n\t<\/span>\n\t<span class=\"eltd-tab-title\">\n\t\t<span class=\"eltd-tab-title-inner\">\n\t\t\tHi ha opcions per a vegans, vegetarians, embarassades i\/o persones amb intoler\u00e0ncia al gluten o lactosa?\t\t<\/span>\n\t<\/span>\n<\/p>\n<div class=\"eltd-accordion-content\" >\n\t<div class=\"eltd-accordion-content-inner\">\n\t\t[vc_column_text]<\/p>\n<p data-start=\"1896\" data-end=\"1957\">Actualment <strong data-start=\"1907\" data-end=\"1956\">no disposem d\u2019opcions vegetarianes ni veganes<\/strong>.<\/p>\n<p data-start=\"1959\" data-end=\"2145\">Els nostres men\u00fas degustaci\u00f3 <strong data-start=\"1988\" data-end=\"2011\">no es poden adaptar<\/strong> per a comensals que no consumeixin marisc, crustacis, peix o carn, ja que estan dissenyats com una experi\u00e8ncia gastron\u00f2mica completa.<\/p>\n<p data-start=\"2147\" data-end=\"2199\">S\u00ed que podem <strong data-start=\"2160\" data-end=\"2192\">adaptar els men\u00fas degustaci\u00f3<\/strong> per a:<\/p>\n<ul data-start=\"2200\" data-end=\"2295\">\n<li data-start=\"2200\" data-end=\"2239\">\n<p data-start=\"2202\" data-end=\"2239\">Persones amb intoler\u00e0ncia al gluten<\/p>\n<\/li>\n<li data-start=\"2240\" data-end=\"2269\">\n<p data-start=\"2242\" data-end=\"2269\">Intoler\u00e0ncia a la lactosa<\/p>\n<\/li>\n<li data-start=\"2270\" data-end=\"2295\">\n<p data-start=\"2272\" data-end=\"2295\">Persones embarassades<\/p>\n<\/li>\n<\/ul>\n<p data-start=\"2297\" data-end=\"2430\">Per a qualsevol altra necessitat diet\u00e8tica espec\u00edfica, <strong data-start=\"2352\" data-end=\"2398\">us demanem que ens contacteu amb antelaci\u00f3<\/strong>, per valorar possibles ajustos.<\/p>\n<p>[\/vc_column_text]\t<\/div>\n<\/div><\/div><div class=\"eltd-accordion-holder clearfix eltd-toggle eltd-boxed light\">\n\t<p class=\"clearfix eltd-title-holder\">\n\t<span class=\"eltd-accordion-mark eltd-left-mark\">\n\t\t<span class=\"eltd-accordion-mark-icon\">\n\t\t\t<span class=\"icon_plus\"><\/span>\n\t\t\t<span class=\"icon_minus-06\"><\/span>\n\t\t<\/span>\n\t<\/span>\n\t<span class=\"eltd-tab-title\">\n\t\t<span class=\"eltd-tab-title-inner\">\n\t\t\tPodeu adaptar-vos a al\u00b7l\u00e8rgies, intoler\u00e0ncies, restriccions i\/o aversions diet\u00e8tiques?\t\t<\/span>\n\t<\/span>\n<\/p>\n<div class=\"eltd-accordion-content\" >\n\t<div class=\"eltd-accordion-content-inner\">\n\t\t[vc_column_text]Si teniu alguna al\u00b7l\u00e8rgia, intoler\u00e0ncia, restricci\u00f3 diet\u00e8tica i\/o ingredient que no preferiu, el millor \u00e9s que ens ho comuniqueu en el moment de fer la reserva.<\/p>\n<p>Si formeu part d&#8217;una reserva de m\u00e9s de 4 persones, consulteu els acompanyants que han fet la reserva, o b\u00e9 aviseu-nos directament amb m\u00e9s de 72 hores d&#8217;antelaci\u00f3.[\/vc_column_text]\t<\/div>\n<\/div><\/div><div class=\"eltd-accordion-holder clearfix eltd-toggle eltd-boxed light\">\n\t<p class=\"clearfix eltd-title-holder\">\n\t<span class=\"eltd-accordion-mark eltd-left-mark\">\n\t\t<span class=\"eltd-accordion-mark-icon\">\n\t\t\t<span class=\"icon_plus\"><\/span>\n\t\t\t<span class=\"icon_minus-06\"><\/span>\n\t\t<\/span>\n\t<\/span>\n\t<span class=\"eltd-tab-title\">\n\t\t<span class=\"eltd-tab-title-inner\">\n\t\t\tQuant de temps es necessita per al dinar o el sopar?\t\t<\/span>\n\t<\/span>\n<\/p>\n<div class=\"eltd-accordion-content\" >\n\t<div class=\"eltd-accordion-content-inner\">\n\t\t[vc_column_text]<\/p>\n<p data-start=\"2984\" data-end=\"3025\">La durada aproximada de l\u2019experi\u00e8ncia \u00e9s:<\/p>\n<ul data-start=\"3026\" data-end=\"3116\">\n<li data-start=\"3026\" data-end=\"3078\">\n<p data-start=\"3028\" data-end=\"3078\"><strong data-start=\"3028\" data-end=\"3056\">Men\u00fa Degustaci\u00f3 Cl\u00e0ssic:<\/strong> 2 hores i 30 minuts<\/p>\n<\/li>\n<li data-start=\"3079\" data-end=\"3116\">\n<p data-start=\"3081\" data-end=\"3116\"><strong data-start=\"3081\" data-end=\"3106\">Men\u00fa Degustaci\u00f3 Mont:<\/strong> 3 hores<\/p>\n<\/li>\n<\/ul>\n<p data-start=\"3118\" data-end=\"3274\">La puntualitat \u00e9s essencial per garantir el bon funcionament del servei.<br data-start=\"3190\" data-end=\"3193\" \/>En cas de retard, us preguem que ens truqueu o ens escriviu un correu electr\u00f2nic.<\/p>\n<p data-start=\"3276\" data-end=\"3466\">Farem tot el possible per adaptar-nos a les arribades tardanes, per\u00f2 <strong data-start=\"3345\" data-end=\"3369\">no podem garantir-ho<\/strong>.<br data-start=\"3370\" data-end=\"3373\" \/>Passats <strong data-start=\"3381\" data-end=\"3394\">15 minuts<\/strong> de l\u2019hora de la reserva, aquesta podr\u00e0 quedar anul\u00b7lada autom\u00e0ticament.<\/p>\n<p>[\/vc_column_text]\t<\/div>\n<\/div><\/div><div class=\"eltd-accordion-holder clearfix eltd-toggle eltd-boxed light\">\n\t<p class=\"clearfix eltd-title-holder\">\n\t<span class=\"eltd-accordion-mark eltd-left-mark\">\n\t\t<span class=\"eltd-accordion-mark-icon\">\n\t\t\t<span class=\"icon_plus\"><\/span>\n\t\t\t<span class=\"icon_minus-06\"><\/span>\n\t\t<\/span>\n\t<\/span>\n\t<span class=\"eltd-tab-title\">\n\t\t<span class=\"eltd-tab-title-inner\">\n\t\t\tTeniu aparcament?\t\t<\/span>\n\t<\/span>\n<\/p>\n<div class=\"eltd-accordion-content\" >\n\t<div class=\"eltd-accordion-content-inner\">\n\t\t[vc_column_text]Disposeu d&#8217;un aparcament al carrer d&#8217;Aribau. S&#8217;hi accedeix venint de Gran Via, just despr\u00e9s de cinemes Aribau Multicines i abans d&#8217;arribar al restaurant Mediamanga.[\/vc_column_text]\t<\/div>\n<\/div><\/div><div class=\"eltd-accordion-holder clearfix eltd-toggle eltd-boxed light\">\n\t<p class=\"clearfix eltd-title-holder\">\n\t<span class=\"eltd-accordion-mark eltd-left-mark\">\n\t\t<span class=\"eltd-accordion-mark-icon\">\n\t\t\t<span class=\"icon_plus\"><\/span>\n\t\t\t<span class=\"icon_minus-06\"><\/span>\n\t\t<\/span>\n\t<\/span>\n\t<span class=\"eltd-tab-title\">\n\t\t<span class=\"eltd-tab-title-inner\">\n\t\t\tPodeu acomodar grups?\t\t<\/span>\n\t<\/span>\n<\/p>\n<div class=\"eltd-accordion-content\" >\n\t<div class=\"eltd-accordion-content-inner\">\n\t\t[vc_column_text]<\/p>\n<p data-start=\"3981\" data-end=\"4000\">S\u00ed, acomodem grups.<\/p>\n<p data-start=\"4002\" data-end=\"4069\">Podem acollir <strong data-start=\"4016\" data-end=\"4068\">fins a un m\u00e0xim de 6 persones a la mateixa taula<\/strong>.<\/p>\n<p data-start=\"4071\" data-end=\"4161\">Per a reserves de <strong data-start=\"4089\" data-end=\"4107\">5 a 6 persones<\/strong>, s\u2019ofereix exclusivament el <strong data-start=\"4136\" data-end=\"4160\">Men\u00fa Degustaci\u00f3 Mont<\/strong>.<\/p>\n<p data-start=\"4163\" data-end=\"4415\">Per a grups de <strong data-start=\"4178\" data-end=\"4199\">m\u00e9s de 6 persones<\/strong>, \u00e9s necess\u00e0ria la <strong data-start=\"4218\" data-end=\"4256\">privatitzaci\u00f3 completa de Mont Bar<\/strong>, amb un format tipus <strong data-start=\"4278\" data-end=\"4293\">c\u00f2ctel dret<\/strong>, on el men\u00fa degustaci\u00f3 es serveix en format individualitzat per facilitar una experi\u00e8ncia gastron\u00f2mica din\u00e0mica i social.<\/p>\n<p data-start=\"4417\" data-end=\"4458\">\u00c9s imprescindible reservar amb antelaci\u00f3.<\/p>\n<p>[\/vc_column_text]\t<\/div>\n<\/div><\/div><div class=\"eltd-accordion-holder clearfix eltd-toggle eltd-boxed light\">\n\t<p class=\"clearfix eltd-title-holder\">\n\t<span class=\"eltd-accordion-mark eltd-left-mark\">\n\t\t<span class=\"eltd-accordion-mark-icon\">\n\t\t\t<span class=\"icon_plus\"><\/span>\n\t\t\t<span class=\"icon_minus-06\"><\/span>\n\t\t<\/span>\n\t<\/span>\n\t<span class=\"eltd-tab-title\">\n\t\t<span class=\"eltd-tab-title-inner\">\n\t\t\tQuin \u00e9s el procediment de reserves i la pol\u00edtica de cancel\u00b7laci\u00f3?\t\t<\/span>\n\t<\/span>\n<\/p>\n<div class=\"eltd-accordion-content\" >\n\t<div class=\"eltd-accordion-content-inner\">\n\t\t[vc_column_text]<\/p>\n<p data-start=\"280\" data-end=\"308\"><strong>Pol\u00edtica de reserves i men\u00fas<\/strong><\/p>\n<p data-start=\"310\" data-end=\"456\">Totes les reserves requereixen una targeta de cr\u00e8dit i\/o prepagament i estan subjectes a una pol\u00edtica de cancel\u00b7laci\u00f3 i modificacions de <strong>72 hores<\/strong>.<\/p>\n<p data-start=\"458\" data-end=\"483\"><strong>Reserves d\u20191 a 4 persones<\/strong><\/p>\n<ul>\n<li data-start=\"485\" data-end=\"506\">Podeu escollir entre:\n<ul>\n<li data-start=\"485\" data-end=\"506\">Carta (disponible \u00fanicament al servei de migdia; en cas d\u2019escollir carta, es requereix un m\u00ednim de 3 snacks i 2 plats principals per persona)<\/li>\n<li data-start=\"485\" data-end=\"506\">Men\u00fa Degustaci\u00f3 Cl\u00e0ssic (190 \u20ac per persona)<\/li>\n<li data-start=\"485\" data-end=\"506\">Men\u00fa Degustaci\u00f3 Mont (240 \u20ac per persona)<\/li>\n<\/ul>\n<\/li>\n<\/ul>\n<p data-start=\"746\" data-end=\"871\">Per garantir una experi\u00e8ncia gastron\u00f2mica harmoniosa, tots els comensals de la mateixa taula han d\u2019escollir la mateixa opci\u00f3.<\/p>\n<p data-start=\"873\" data-end=\"979\">Durada aproximada de l\u2019experi\u00e8ncia<br data-start=\"907\" data-end=\"910\" \/>\u2013 Men\u00fa Degustaci\u00f3 Cl\u00e0ssic: 2 h 30 min<br data-start=\"947\" data-end=\"950\" \/>\u2013 Men\u00fa Degustaci\u00f3 Mont: 3 h<\/p>\n<p data-start=\"981\" data-end=\"1170\">Les cancel\u00b7lacions o modificacions amb m\u00e9s de 72 hores d\u2019antelaci\u00f3 no tenen cost.<br data-start=\"1062\" data-end=\"1065\" \/>En cas de cancel\u00b7laci\u00f3 tardana o no presentaci\u00f3, es podr\u00e0 carregar l\u2019import \u00edntegre del men\u00fa seleccionat.<\/p>\n<p data-start=\"1172\" data-end=\"1198\"><strong>Reserves de 5 a 6 persones<\/strong><\/p>\n<ul>\n<li data-start=\"1200\" data-end=\"1299\">Per a grups de 5 a 6 persones, s\u2019ofereix exclusivament el Men\u00fa Degustaci\u00f3 Mont (240 \u20ac per persona).<\/li>\n<li data-start=\"1200\" data-end=\"1299\">Es requereix prepagament complet per confirmar la reserva.<\/li>\n<li data-start=\"1200\" data-end=\"1299\">En cas de cancel\u00b7laci\u00f3 amb m\u00e9s de 72 hores d\u2019antelaci\u00f3, el prepagament podr\u00e0 utilitzar-se per a una futura reserva dins dels 6 mesos seg\u00fcents.<\/li>\n<li data-start=\"1200\" data-end=\"1299\">Les cancel\u00b7lacions tardanes o no presentacions comportaran la p\u00e8rdua total del prepagament.<\/li>\n<\/ul>\n<p data-start=\"1600\" data-end=\"1620\"><strong>Informaci\u00f3 important<\/strong><\/p>\n<p data-start=\"1622\" data-end=\"1953\">Mont Bar \u00e9s un espai \u00edntim i de petit format, amb taules altes, taules baixes i seients a la barra. Us agra\u00efm tenir-ho en compte en gaudir d\u2019una experi\u00e8ncia pensada per a un ambient proper, din\u00e0mic i gastron\u00f2mic.<\/p>\n<ul>\n<li data-start=\"1622\" data-end=\"1953\">L\u2019assignaci\u00f3 de taula es realitza segons disponibilitat; tindrem en compte les prefer\u00e8ncies sempre que sigui possible.<\/li>\n<li data-start=\"1955\" data-end=\"2014\">Oferim maridatge de vins opcional per als men\u00fas degustaci\u00f3.<\/li>\n<li data-start=\"2016\" data-end=\"2119\">\u00c9s imprescindible informar amb antelaci\u00f3 de qualsevol al\u00b7l\u00e8rgia, intoler\u00e0ncia o restricci\u00f3 aliment\u00e0ria.<\/li>\n<li data-start=\"2121\" data-end=\"2218\">La puntualitat \u00e9s essencial: les taules es mantenen durant 15 minuts despr\u00e9s de l\u2019hora reservada.<\/li>\n<li data-start=\"2220\" data-end=\"2255\">Els preus estan subjectes a canvis.<\/li>\n<\/ul>\n<p>[\/vc_column_text]\t<\/div>\n<\/div><\/div>[\/vc_column][\/vc_row]<\/p>\n","protected":false},"excerpt":{"rendered":"<p>[vc_row content_width=&#8221;grid&#8221; content_aligment=&#8221;center&#8221;][vc_column][vc_raw_html]JTNDaDElMjBjbGFzcyUzRCUyMmVsdGQtc2VjdGlvbi10aXRsZSUyMiUzRVBSRUdVTlRFUyUyMEZSRVElQzMlOUNFTlRTJTNDJTJGaDElM0U=[\/vc_raw_html][\/vc_column][\/vc_row][vc_row disable_element=&#8221;yes&#8221; content_width=&#8221;grid&#8221; content_aligment=&#8221;center&#8221;][vc_column][\/vc_column][\/vc_row][vc_row][vc_column][\/vc_column][\/vc_row]<\/p>\n","protected":false},"author":2,"featured_media":0,"parent":0,"menu_order":0,"comment_status":"closed","ping_status":"closed","template":"","meta":{"footnotes":""},"class_list":["post-10984","page","type-page","status-publish","hentry"],"_links":{"self":[{"href":"https:\/\/montbar.com\/ca\/wp-json\/wp\/v2\/pages\/10984","targetHints":{"allow":["GET"]}}],"collection":[{"href":"https:\/\/montbar.com\/ca\/wp-json\/wp\/v2\/pages"}],"about":[{"href":"https:\/\/montbar.com\/ca\/wp-json\/wp\/v2\/types\/page"}],"author":[{"embeddable":true,"href":"https:\/\/montbar.com\/ca\/wp-json\/wp\/v2\/users\/2"}],"replies":[{"embeddable":true,"href":"https:\/\/montbar.com\/ca\/wp-json\/wp\/v2\/comments?post=10984"}],"version-history":[{"count":147,"href":"https:\/\/montbar.com\/ca\/wp-json\/wp\/v2\/pages\/10984\/revisions"}],"predecessor-version":[{"id":12622,"href":"https:\/\/montbar.com\/ca\/wp-json\/wp\/v2\/pages\/10984\/revisions\/12622"}],"wp:attachment":[{"href":"https:\/\/montbar.com\/ca\/wp-json\/wp\/v2\/media?parent=10984"}],"curies":[{"name":"wp","href":"https:\/\/api.w.org\/{rel}","templated":true}]}}