{"id":11004,"date":"2022-11-23T08:24:54","date_gmt":"2022-11-23T08:24:54","guid":{"rendered":"https:\/\/www.montbar.com\/?page_id=11004"},"modified":"2026-02-06T21:05:33","modified_gmt":"2026-02-06T21:05:33","slug":"book-table","status":"publish","type":"page","link":"https:\/\/montbar.com\/ca\/book-table\/","title":{"rendered":"Reserva una taula"},"content":{"rendered":"<p>[vc_row content_width=&#8221;grid&#8221; content_aligment=&#8221;center&#8221;][vc_column][vc_raw_html]JTNDaDElMjBjbGFzcyUzRCUyMmVsdGQtc2VjdGlvbi10aXRsZSUyMiUzRVJFU0VSVkElMjBVTkElMjBUQVVMQSUzQyUyRmgxJTNF[\/vc_raw_html][\/vc_column][\/vc_row][vc_row disable_element=&#8221;yes&#8221; content_width=&#8221;grid&#8221; content_aligment=&#8221;center&#8221;][vc_column]<div class=\"eltd-section-title-outer-holder\" style=\"text-align: center\">\n\n\t\n\t\t\t<div class=\"eltd-section-title-title-holder\">\n\t\t\t\t<h2 class=\"eltd-section-title\" style=\";;;;;;;\">\n\t\t\t\tRESERVA UNA TAULA\t\t\t\t<\/h2>\n\t\t<\/div>\n\t\n<\/div>[\/vc_column][\/vc_row][vc_row content_width=&#8221;grid&#8221;][vc_column][vc_column_text]<br \/>\n<iframe loading=\"lazy\" title=\"Reservas\" src=\"https:\/\/www.covermanager.com\/reservation\/module_restaurant\/restaurante-montbar\/catalan\" width=\"100%\" height=\"550\" frameborder=\"0\"><\/iframe><br \/>\n<script type=\"text\/javascript\" src=\"https:\/\/www.covermanager.com\/js\/iframeResizer.min.js\"><\/script><br \/>\n<script type=\"text\/javascript\">\n                                            iFrameResize();\n                                        <\/script><\/p>\n<p>[\/vc_column_text][\/vc_column][\/vc_row][vc_row content_width=&#8221;grid&#8221; content_aligment=&#8221;center&#8221;][vc_column][vc_empty_space][vc_raw_html]JTNDaDMlMjBjbGFzcyUzRCUyMmVsdGQtc2VjdGlvbi10aXRsZSUyMiUzRVRlcm1lcyUyMGklMjBDb25kaWNpb25zJTNDJTJGaDMlM0U=[\/vc_raw_html][vc_column_text]Un cop confirmada la reserva, reviseu atentament tots els detalls. La taula est\u00e0 reservada per a l&#8217;horari indicat a la confirmaci\u00f3. Tingueu en compte que nom\u00e9s podem reservar la vostra taula 15 minuts despr\u00e9s de l&#8217;hora programada.[\/vc_column_text][vc_empty_space][vc_raw_html]JTNDaDQlMjBjbGFzcyUzRCUyMmVsdGQtc2VjdGlvbi10aXRsZSUyMiUzRU1vbnQlMjBCYXIlMjdzJTIwUG9saWN5JTNDJTJGaDQlM0U=[\/vc_raw_html][\/vc_column][\/vc_row][vc_row][vc_column el_id=&#8221;mb-policy&#8221;][vc_column_text]<\/p>\n<p style=\"text-align: center;\" data-start=\"1066\" data-end=\"1284\"><span style=\"font-size: 14px;\">\u2022 Reserves d\u20191 a 4 persones poden escollir entre:<\/span><br data-start=\"1119\" data-end=\"1122\" \/><span style=\"font-size: 14px;\">\u2013 Men\u00fa Degustaci\u00f3 Cl\u00e0ssic: 190 \u20ac per persona<\/span><br data-start=\"1170\" data-end=\"1173\" \/><span style=\"font-size: 14px;\">\u2013 Men\u00fa Degustaci\u00f3 Mont: 240 \u20ac per persona<\/span><br data-start=\"1218\" data-end=\"1221\" \/><span style=\"font-size: 14px;\">(Tots els comensals de la taula han d\u2019escollir el mateix men\u00fa.)<\/span><\/p>\n<p style=\"text-align: center;\" data-start=\"1286\" data-end=\"1400\"><span style=\"font-size: 14px;\">\u2022 Reserves de 5 persones o m\u00e9s es serveixen exclusivament amb el Men\u00fa Degustaci\u00f3 Mont (240 \u20ac per persona).<\/span><\/p>\n<p style=\"text-align: center;\" data-start=\"1402\" data-end=\"1470\"><span style=\"font-size: 14px;\">\u2022 L\u2019opci\u00f3 a la carta nom\u00e9s s\u2019ofereix durant el servei de migdia.<\/span><\/p>\n<p style=\"text-align: center;\" data-start=\"1472\" data-end=\"1555\"><span style=\"font-size: 14px;\">\u2022 Cancel\u00b7lacions o modificacions amb m\u00e9s de 72 hores d\u2019antelaci\u00f3: sense c\u00e0rrec.<\/span><\/p>\n<p style=\"text-align: center;\" data-start=\"1557\" data-end=\"1743\"><span style=\"font-size: 14px;\">\u2022 Cancel\u00b7lacions, no presentacions o reduccions de comensals dins de les 72 hores pr\u00e8vies: s\u2019aplicar\u00e0 un c\u00e0rrec de 190 \u20ac o 240 \u20ac per comensal cancel\u00b7lat, segons el men\u00fa escollit.<\/span><\/p>\n<p style=\"text-align: center;\" data-start=\"1745\" data-end=\"1797\"><span style=\"font-size: 14px;\">\u2022 Els pagaments anticipats no s\u00f3n reemborsables.<\/span><\/p>\n<p style=\"text-align: center;\" data-start=\"1799\" data-end=\"1957\"><span style=\"font-size: 14px;\">\u2022 Les reserves cancel\u00b7lades amb m\u00e9s de 72 hores d\u2019antelaci\u00f3 podran utilitzar l\u2019import com a cr\u00e8dit per a una futura reserva, v\u00e0lid durant 6 mesos.<\/span><\/p>\n<p style=\"text-align: center;\" data-start=\"1959\" data-end=\"2015\"><span style=\"font-size: 14px;\">\u2022 Les despeses administratives no s\u00f3n reemborsables.<\/span><\/p>\n<p>[\/vc_column_text][\/vc_column][\/vc_row]<\/p>\n","protected":false},"excerpt":{"rendered":"<p>[vc_row content_width=&#8221;grid&#8221; content_aligment=&#8221;center&#8221;][vc_column][vc_raw_html]JTNDaDElMjBjbGFzcyUzRCUyMmVsdGQtc2VjdGlvbi10aXRsZSUyMiUzRVJFU0VSVkElMjBVTkElMjBUQVVMQSUzQyUyRmgxJTNF[\/vc_raw_html][\/vc_column][\/vc_row][vc_row disable_element=&#8221;yes&#8221; content_width=&#8221;grid&#8221; content_aligment=&#8221;center&#8221;][vc_column][\/vc_column][\/vc_row][vc_row content_width=&#8221;grid&#8221;][vc_column][vc_column_text] [\/vc_column_text][\/vc_column][\/vc_row][vc_row content_width=&#8221;grid&#8221; content_aligment=&#8221;center&#8221;][vc_column][vc_empty_space][vc_raw_html]JTNDaDMlMjBjbGFzcyUzRCUyMmVsdGQtc2VjdGlvbi10aXRsZSUyMiUzRVRlcm1lcyUyMGklMjBDb25kaWNpb25zJTNDJTJGaDMlM0U=[\/vc_raw_html][vc_column_text]Un cop confirmada la reserva, reviseu atentament tots els detalls. La taula est\u00e0 reservada per a l&#8217;horari indicat a la confirmaci\u00f3. Tingueu en compte que nom\u00e9s podem reservar la vostra taula 15 minuts despr\u00e9s de l&#8217;hora&#8230;<\/p>\n","protected":false},"author":2,"featured_media":0,"parent":0,"menu_order":0,"comment_status":"closed","ping_status":"closed","template":"","meta":{"footnotes":""},"class_list":["post-11004","page","type-page","status-publish","hentry"],"_links":{"self":[{"href":"https:\/\/montbar.com\/ca\/wp-json\/wp\/v2\/pages\/11004","targetHints":{"allow":["GET"]}}],"collection":[{"href":"https:\/\/montbar.com\/ca\/wp-json\/wp\/v2\/pages"}],"about":[{"href":"https:\/\/montbar.com\/ca\/wp-json\/wp\/v2\/types\/page"}],"author":[{"embeddable":true,"href":"https:\/\/montbar.com\/ca\/wp-json\/wp\/v2\/users\/2"}],"replies":[{"embeddable":true,"href":"https:\/\/montbar.com\/ca\/wp-json\/wp\/v2\/comments?post=11004"}],"version-history":[{"count":26,"href":"https:\/\/montbar.com\/ca\/wp-json\/wp\/v2\/pages\/11004\/revisions"}],"predecessor-version":[{"id":12627,"href":"https:\/\/montbar.com\/ca\/wp-json\/wp\/v2\/pages\/11004\/revisions\/12627"}],"wp:attachment":[{"href":"https:\/\/montbar.com\/ca\/wp-json\/wp\/v2\/media?parent=11004"}],"curies":[{"name":"wp","href":"https:\/\/api.w.org\/{rel}","templated":true}]}}