{"id":5858,"date":"2016-09-30T13:19:13","date_gmt":"2016-09-30T13:19:13","guid":{"rendered":"http:\/\/savory.elated-themes.com\/?page_id=5858"},"modified":"2025-06-11T07:23:25","modified_gmt":"2025-06-11T07:23:25","slug":"restaurant-home-2","status":"publish","type":"page","link":"https:\/\/montbar.com\/ca\/","title":{"rendered":"Inici"},"content":{"rendered":"<p>[vc_row el_id=&#8221;cuisine&#8221;][vc_column][vc_raw_html]JTNDaDElMjBjbGFzcyUzRCUyMmVsdGQtc2VjdGlvbi10aXRsZSUyMiUzRUFsdGElMjBjdWluYSUyMGVuJTIwdW4lMjBCYXIlM0MlMkZoMSUzRQ==[\/vc_raw_html][vc_column_text css=&#8221;.vc_custom_1732967927751{padding-top: 50px !important;}&#8221;]<\/p>\n<p style=\"text-align: center;\" align=\"center\">A Montbar, darrere d&#8217;una gran elaboraci\u00f3, amb ingredients i combinacions d&#8217;arreu del m\u00f3n, trobar\u00e0s una proposta plena de tastets, en les quals resalta sobretot, el bon producte i l&#8217;originalitat.<\/p>\n<p style=\"text-align: center;\" align=\"center\">Els snacks protagonitzen el 50% de la nostra carta. Ostres, escopinyes, wagyu, eri\u00e7\u00f3 de mar, sobrassada o el peix llimona, s\u00f3n alguns dels productes que pots trobar.<\/p>\n<p style=\"text-align: center;\">Refinament, informalitat i perfecci\u00f3 en la t\u00e8cnica, harmonitzen en un bar que uneix la cuina popular i el creativa, en un ambient familiar de tapes, snacks i platerets.<\/p>\n<p>[\/vc_column_text][vc_empty_space height=&#8221;80px&#8221;]<div class=\"eltd-image-gallery eltd-image-owl-slider\">\n    <div class=\"eltd-image-gallery-carousel eltd-image-gallery-slides-holder\" data-autoplay=\"3\" data-animation=\"slide\" data-navigation=\"yes\" data-pagination=\"no\" data-images-shown=\"5\">\n                <a href=\"https:\/\/montbar.com\/wp-content\/uploads\/2016\/09\/Mont-Bar-2.jpg\" data-rel=\"prettyPhoto[single_pretty_photo]\" title=\"Mont Bar (2)\">\n            <img loading=\"lazy\" decoding=\"async\" src=\"https:\/\/montbar.com\/wp-content\/uploads\/2016\/09\/Mont-Bar-2-380x285.jpg\" alt=\"\" width=\"380\" height=\"285\" \/>            <\/a>\n                <a href=\"https:\/\/montbar.com\/wp-content\/uploads\/2016\/09\/Mont-Bar-41.jpg\" data-rel=\"prettyPhoto[single_pretty_photo]\" title=\"Mont Bar (41)\">\n            <img loading=\"lazy\" decoding=\"async\" src=\"https:\/\/montbar.com\/wp-content\/uploads\/2016\/09\/Mont-Bar-41-380x285.jpg\" alt=\"\" width=\"380\" height=\"285\" \/>            <\/a>\n                <a href=\"https:\/\/montbar.com\/wp-content\/uploads\/2016\/09\/Mont-Bar-1.jpg\" data-rel=\"prettyPhoto[single_pretty_photo]\" title=\"Mont Bar (1)\">\n            <img loading=\"lazy\" decoding=\"async\" src=\"https:\/\/montbar.com\/wp-content\/uploads\/2016\/09\/Mont-Bar-1-380x285.jpg\" alt=\"\" width=\"380\" height=\"285\" \/>            <\/a>\n                <a href=\"https:\/\/montbar.com\/wp-content\/uploads\/2016\/09\/Mont-Bar-290.jpg\" data-rel=\"prettyPhoto[single_pretty_photo]\" title=\"Mont Bar (290)\">\n            <img loading=\"lazy\" decoding=\"async\" src=\"https:\/\/montbar.com\/wp-content\/uploads\/2016\/09\/Mont-Bar-290-380x285.jpg\" alt=\"\" width=\"380\" height=\"285\" \/>            <\/a>\n                <a href=\"https:\/\/montbar.com\/wp-content\/uploads\/2016\/09\/Mont-Bar-260.jpg\" data-rel=\"prettyPhoto[single_pretty_photo]\" title=\"Mont Bar (260)\">\n            <img loading=\"lazy\" decoding=\"async\" src=\"https:\/\/montbar.com\/wp-content\/uploads\/2016\/09\/Mont-Bar-260-380x285.jpg\" alt=\"\" width=\"380\" height=\"285\" \/>            <\/a>\n                <a href=\"https:\/\/montbar.com\/wp-content\/uploads\/2016\/09\/Mont-Bar-218.jpg\" data-rel=\"prettyPhoto[single_pretty_photo]\" title=\"Mont Bar (218)\">\n            <img loading=\"lazy\" decoding=\"async\" src=\"https:\/\/montbar.com\/wp-content\/uploads\/2016\/09\/Mont-Bar-218-380x285.jpg\" alt=\"\" width=\"380\" height=\"285\" \/>            <\/a>\n                <a href=\"https:\/\/montbar.com\/wp-content\/uploads\/2016\/09\/Mont-Bar-211.jpg\" data-rel=\"prettyPhoto[single_pretty_photo]\" title=\"Mont Bar (211)\">\n            <img loading=\"lazy\" decoding=\"async\" src=\"https:\/\/montbar.com\/wp-content\/uploads\/2016\/09\/Mont-Bar-211-380x285.jpg\" alt=\"\" width=\"380\" height=\"285\" \/>            <\/a>\n                <a href=\"https:\/\/montbar.com\/wp-content\/uploads\/2016\/09\/Mont-Bar-203.jpg\" data-rel=\"prettyPhoto[single_pretty_photo]\" title=\"Mont Bar (203)\">\n            <img loading=\"lazy\" decoding=\"async\" src=\"https:\/\/montbar.com\/wp-content\/uploads\/2016\/09\/Mont-Bar-203-380x285.jpg\" alt=\"\" width=\"380\" height=\"285\" \/>            <\/a>\n                <a href=\"https:\/\/montbar.com\/wp-content\/uploads\/2016\/09\/Mont-Bar-158.jpg\" data-rel=\"prettyPhoto[single_pretty_photo]\" title=\"Mont Bar (158)\">\n            <img loading=\"lazy\" decoding=\"async\" src=\"https:\/\/montbar.com\/wp-content\/uploads\/2016\/09\/Mont-Bar-158-380x285.jpg\" alt=\"\" width=\"380\" height=\"285\" \/>            <\/a>\n            <\/div>\n<\/div>[\/vc_column][\/vc_row][vc_row el_id=&#8221;cuisine&#8221;][vc_column]<div class=\"eltd-section-title-outer-holder\" style=\"text-align: center\">\n\n\t\n\t\t\t<div class=\"eltd-section-title-title-holder\">\n\t\t\t\t<h2 class=\"eltd-section-title\" style=\"font-family: PlayFair Display;font-size: 42px;color: #000000;font-weight: 600;line-height: 63px;text-transform: Uppercase;letter-spacing: 5px;\">\n\t\t\t\tOn som?\t\t\t\t<\/h2>\n\t\t<\/div>\n\t\n<\/div>[vc_column_text css=&#8221;.vc_custom_1749626577284{padding-top: 50px !important;}&#8221;]<\/p>\n<p style=\"text-align: center;\" align=\"center\">Ens trobar\u00e0s al cor de Barcelona, a l\u2019Eixample, un barri vibrant on conviuen la tradici\u00f3 i l\u2019avantguarda. Montbar \u00e9s aquest rac\u00f3 acollidor on pots gaudir d\u2019alta gastronomia en un ambient proper, envoltat de vida urbana, cultura i bon gust.<\/p>\n<p>[\/vc_column_text][vc_empty_space height=&#8221;80px&#8221;][vc_column_text]<\/p>\n\r\n<div class=\"google-maps-builder-wrap\">\r\n\r\n\t<div id=\"google-maps-builder-9189\" class=\"google-maps-builder\"  data-map-id=\"9189\" style=\"width:100%; height:350px\"><\/div>\r\n\r\n\t\r\n<\/div>\r\n\n<p>[\/vc_column_text][\/vc_column][\/vc_row]<\/p>\n","protected":false},"excerpt":{"rendered":"<p>[vc_row el_id=&#8221;cuisine&#8221;][vc_column][vc_raw_html]JTNDaDElMjBjbGFzcyUzRCUyMmVsdGQtc2VjdGlvbi10aXRsZSUyMiUzRUFsdGElMjBjdWluYSUyMGVuJTIwdW4lMjBCYXIlM0MlMkZoMSUzRQ==[\/vc_raw_html][vc_column_text css=&#8221;.vc_custom_1732967927751{padding-top: 50px !important;}&#8221;] A Montbar, darrere d&#8217;una gran elaboraci\u00f3, amb ingredients i combinacions d&#8217;arreu del m\u00f3n, trobar\u00e0s una proposta plena de tastets, en les quals resalta sobretot, el bon producte i l&#8217;originalitat. Els snacks protagonitzen el 50% de la nostra carta. Ostres, escopinyes,&#8230;<\/p>\n","protected":false},"author":3,"featured_media":0,"parent":0,"menu_order":0,"comment_status":"closed","ping_status":"closed","template":"","meta":{"footnotes":""},"class_list":["post-5858","page","type-page","status-publish","hentry"],"_links":{"self":[{"href":"https:\/\/montbar.com\/ca\/wp-json\/wp\/v2\/pages\/5858","targetHints":{"allow":["GET"]}}],"collection":[{"href":"https:\/\/montbar.com\/ca\/wp-json\/wp\/v2\/pages"}],"about":[{"href":"https:\/\/montbar.com\/ca\/wp-json\/wp\/v2\/types\/page"}],"author":[{"embeddable":true,"href":"https:\/\/montbar.com\/ca\/wp-json\/wp\/v2\/users\/3"}],"replies":[{"embeddable":true,"href":"https:\/\/montbar.com\/ca\/wp-json\/wp\/v2\/comments?post=5858"}],"version-history":[{"count":217,"href":"https:\/\/montbar.com\/ca\/wp-json\/wp\/v2\/pages\/5858\/revisions"}],"predecessor-version":[{"id":11906,"href":"https:\/\/montbar.com\/ca\/wp-json\/wp\/v2\/pages\/5858\/revisions\/11906"}],"wp:attachment":[{"href":"https:\/\/montbar.com\/ca\/wp-json\/wp\/v2\/media?parent=5858"}],"curies":[{"name":"wp","href":"https:\/\/api.w.org\/{rel}","templated":true}]}}