{"id":9519,"date":"2017-11-03T09:51:00","date_gmt":"2017-11-03T09:51:00","guid":{"rendered":"http:\/\/www.montbar.com\/?page_id=9519"},"modified":"2017-11-03T10:08:11","modified_gmt":"2017-11-03T10:08:11","slug":"condiciones-legales","status":"publish","type":"page","link":"https:\/\/montbar.com\/ca\/condiciones-legales\/","title":{"rendered":"Condicions legals"},"content":{"rendered":"<p>En compliment de la Llei Org\u00e0nica 15\/1999, de 13 de desembre, de Protecci\u00f3 de Dades de Car\u00e0cter Personal (LOPD), ens informem que les dades personals que ens subministrem a trav\u00e9s de la p\u00e0gina web www.montbar.com, seran tractats de forma confidencial i passaran a formar part d&#8217;un fitxer automatitzat titularitat de MANDROARAN S.L. , CIF n\u00ba B25651340, i amb domicili a Carrer de Sant Pau, 9 , 25537 &#8211; Mont (Lleida), que es troba degudament inscrit a l&#8217;Ag\u00e8ncia Espanyola de Protecci\u00f3 de Dades.<\/p>\n<p>Ens informem que pot exercir els seus drets d&#8217;acc\u00e9s, rectificaci\u00f3, cancel\u00b7laci\u00f3 i oposici\u00f3, d&#8217;acord amb el previst en la LOPD en les seg\u00fcents direccions: info@montbar.com o Carrer de Sant Pau, 9 , 25537 &#8211; Mont (Lleida). Les seves dades de contacte podran ser cedides al distribu\u00efdor de MONT BAR de la seva zona, amb l&#8217;objectiu d&#8217;atendre la seva sol\u00b7licitud sobre el requeriment d&#8217;informaci\u00f3 addicional o concertar una cita per a una demostraci\u00f3. MONT BAR no ven, cedeix, arrienda ni transmet de cap manera, informaci\u00f3 o dades de car\u00e0cter personal dels seus Clients \/ Usuaris a tercers amb altres finalitats.<\/p>\n<p>El Usuario garanteix que les dades personals facilitades a MONT BAR s\u00f3n veraces i es fa responsable de comunicar qualsevol modificaci\u00f3 en els mateixos. El Usuario ser\u00e0 l&#8217;\u00fanic responsable de qualsevol dany o perjudici, directe o indirecte que pogu\u00e9s ocasionar a MONT BAR o qualsevol tercer perqu\u00e8 es compleixin els formularis amb dades falses, inexactes, incompletes o no actualitzades. El Usuari no ha d&#8217;incloure dades personals de tercers sense el seu consentiment informat previ de l&#8217;establert en la present pol\u00edtica de privacitat, sent l&#8217;\u00fanic responsable de la seva introducci\u00f3.<\/p>\n<p>MONT BAR procedir\u00e0 a la cancel\u00b7laci\u00f3 dels dades recollits quan deixin de ser necessaris o pertinents per a la finalitat per la qual s&#8217;hagin obtingut o registrats. En el cas que les dades recollides s&#8217;utilitzessin per a una finalitat diferent per a la qual s&#8217;hagin recaptat o recollit, es requerir\u00e0 l&#8217;autoritzaci\u00f3 pr\u00e8via dels interessats.<\/p>\n<p>Certs serveis prestats per MONT BAR poden contenir condicions particulars amb previsions espec\u00edfiques en mat\u00e8ria de protecci\u00f3 de dades personals, sent per tant d&#8217;aplicaci\u00f3 les condicions particulars de cada cas. En tot el que no sigui regulat per les condicions particulars ser\u00e0 d&#8217;aplicaci\u00f3 suplet\u00f2ria les condicions generals recollides en la present pol\u00edtica de privacitat.<\/p>\n<p>MONT BAR ha adoptat les mesures necess\u00e0ries per evitar l&#8217;alteraci\u00f3, la p\u00e8rdua, tractament o acc\u00e9s no autoritzat dels dades personals, tenint en compte en tot moment l&#8217;estat de la tecnologia, la naturalesa de la informaci\u00f3 emmagatzemada i els riscs als que estan exposats, ja provinents de l&#8217;acci\u00f3 humana o del mitj\u00e0 f\u00edsic o natural, no obstant aix\u00f2, l&#8217;usuari ha de ser conscient que les mesures de seguretat a Internet no s\u00f3n imprevistes.<\/p>\n","protected":false},"excerpt":{"rendered":"<p>En compliment de la Llei Org\u00e0nica 15\/1999, de 13 de desembre, de Protecci\u00f3 de Dades de Car\u00e0cter Personal (LOPD), ens informem que les dades personals que ens subministrem a trav\u00e9s de la p\u00e0gina web www.montbar.com, seran tractats de forma confidencial i passaran a formar part&#8230;<\/p>\n","protected":false},"author":3,"featured_media":0,"parent":0,"menu_order":0,"comment_status":"closed","ping_status":"closed","template":"","meta":{"footnotes":""},"class_list":["post-9519","page","type-page","status-publish","hentry"],"_links":{"self":[{"href":"https:\/\/montbar.com\/ca\/wp-json\/wp\/v2\/pages\/9519","targetHints":{"allow":["GET"]}}],"collection":[{"href":"https:\/\/montbar.com\/ca\/wp-json\/wp\/v2\/pages"}],"about":[{"href":"https:\/\/montbar.com\/ca\/wp-json\/wp\/v2\/types\/page"}],"author":[{"embeddable":true,"href":"https:\/\/montbar.com\/ca\/wp-json\/wp\/v2\/users\/3"}],"replies":[{"embeddable":true,"href":"https:\/\/montbar.com\/ca\/wp-json\/wp\/v2\/comments?post=9519"}],"version-history":[{"count":2,"href":"https:\/\/montbar.com\/ca\/wp-json\/wp\/v2\/pages\/9519\/revisions"}],"predecessor-version":[{"id":9521,"href":"https:\/\/montbar.com\/ca\/wp-json\/wp\/v2\/pages\/9519\/revisions\/9521"}],"wp:attachment":[{"href":"https:\/\/montbar.com\/ca\/wp-json\/wp\/v2\/media?parent=9519"}],"curies":[{"name":"wp","href":"https:\/\/api.w.org\/{rel}","templated":true}]}}