{"id":9536,"date":"2017-11-10T11:12:39","date_gmt":"2017-11-10T11:12:39","guid":{"rendered":"http:\/\/www.montbar.com\/?page_id=9536"},"modified":"2025-07-10T10:25:40","modified_gmt":"2025-07-10T10:25:40","slug":"eventos","status":"publish","type":"page","link":"https:\/\/montbar.com\/ca\/eventos\/","title":{"rendered":"EVENTS"},"content":{"rendered":"<p>[vc_row content_width=&#8221;grid&#8221; content_aligment=&#8221;center&#8221;][vc_column][vc_raw_html]JTNDaDElMjBjbGFzcyUzRCUyMmVsdGQtc2VjdGlvbi10aXRsZSUyMiUzRSUyMEV2ZW50cyUzQyUyRmgxJTNF[\/vc_raw_html][vc_column_text]La proposta de Mont Bar deixa l&#8217;espai del restaurant per apropar on vulguis. La m\u00e0gia entre fogons canvia nom\u00e9s el continent per dinamitzar qualsevol esdeveniment a partir de 20 comensals mitjan\u00e7ant el c\u00e0tering de Mont Bar. El l\u00edmit, gastron\u00f2mic i num\u00e8ric, el poses tu. De la resta, ens encarreguem nosaltres.<\/p>\n<p>&nbsp;<\/p>\n<p>Sense despla\u00e7ament, la teva festa o celebraci\u00f3 tamb\u00e9 pot desenvolupar-se en el mateix restaurant, que pot reservar-se totalment o parcialment. Gaudeix de l&#8217;entorn, la calidesa i la gastronomia de Mont Bar en format festa privada. Cuina, riu, menja, beu, gaudeix. El restaurant ser\u00e0 teu; nom\u00e9s avisa&#8217;ns amb temps per estar previnguts &#8230;<\/p>\n<p>&nbsp;<\/p>\n<p>Contacta amb nosaltres fent clic <a href=\"https:\/\/www.montbar.com\/contacto\/\"><strong>aqu\u00ed<\/strong><\/a> per reservar l&#8217;espai.[\/vc_column_text][\/vc_column][\/vc_row][vc_column][\/vc_column]<\/p>\n","protected":false},"excerpt":{"rendered":"<p>[vc_row content_width=&#8221;grid&#8221; content_aligment=&#8221;center&#8221;][vc_column][vc_raw_html]JTNDaDElMjBjbGFzcyUzRCUyMmVsdGQtc2VjdGlvbi10aXRsZSUyMiUzRSUyMEV2ZW50cyUzQyUyRmgxJTNF[\/vc_raw_html][vc_column_text]La proposta de Mont Bar deixa l&#8217;espai del restaurant per apropar on vulguis. La m\u00e0gia entre fogons canvia nom\u00e9s el continent per dinamitzar qualsevol esdeveniment a partir de 20 comensals mitjan\u00e7ant el c\u00e0tering de Mont Bar. El l\u00edmit, gastron\u00f2mic i num\u00e8ric, el poses&#8230;<\/p>\n","protected":false},"author":3,"featured_media":0,"parent":0,"menu_order":0,"comment_status":"closed","ping_status":"closed","template":"","meta":{"footnotes":""},"class_list":["post-9536","page","type-page","status-publish","hentry"],"_links":{"self":[{"href":"https:\/\/montbar.com\/ca\/wp-json\/wp\/v2\/pages\/9536","targetHints":{"allow":["GET"]}}],"collection":[{"href":"https:\/\/montbar.com\/ca\/wp-json\/wp\/v2\/pages"}],"about":[{"href":"https:\/\/montbar.com\/ca\/wp-json\/wp\/v2\/types\/page"}],"author":[{"embeddable":true,"href":"https:\/\/montbar.com\/ca\/wp-json\/wp\/v2\/users\/3"}],"replies":[{"embeddable":true,"href":"https:\/\/montbar.com\/ca\/wp-json\/wp\/v2\/comments?post=9536"}],"version-history":[{"count":24,"href":"https:\/\/montbar.com\/ca\/wp-json\/wp\/v2\/pages\/9536\/revisions"}],"predecessor-version":[{"id":12332,"href":"https:\/\/montbar.com\/ca\/wp-json\/wp\/v2\/pages\/9536\/revisions\/12332"}],"wp:attachment":[{"href":"https:\/\/montbar.com\/ca\/wp-json\/wp\/v2\/media?parent=9536"}],"curies":[{"name":"wp","href":"https:\/\/api.w.org\/{rel}","templated":true}]}}