{"id":9587,"date":"2018-04-16T11:09:39","date_gmt":"2018-04-16T11:09:39","guid":{"rendered":"http:\/\/www.montbar.com\/?page_id=9587"},"modified":"2025-02-16T23:38:32","modified_gmt":"2025-02-16T23:38:32","slug":"politica-de-cookies","status":"publish","type":"page","link":"https:\/\/montbar.com\/ca\/politica-de-cookies\/","title":{"rendered":"Pol\u00edtica de Cookies"},"content":{"rendered":"<p>[vc_row content_width=&#8221;grid&#8221; content_aligment=&#8221;center&#8221;][vc_column][vc_raw_html]JTNDaDElMjBjbGFzcyUzRCUyMmVsdGQtc2VjdGlvbi10aXRsZSUyMiUzRVBvbCVDMyVBRHRpY2ElMjBkZSUyMEdhbGV0ZXMlM0MlMkZoMSUzRQ==[\/vc_raw_html][\/vc_column][\/vc_row][vc_row][vc_column][vc_column_text]La web <strong>montbar.com<\/strong>\u00a0hace uso de cookies, archivos enviados a un navegador por medio de un servidor web que almacenan informaci\u00f3n en el equipo del visitante que navega por el sitio web, y permiten que se acceda a \u00e9ste una vez creadas. En resumen, son elementos que la p\u00e1gina web guarda en su dispositivo (ordenador, tel\u00e9fono o tablet) al visitar la misma y pueden contener informaci\u00f3n sobre los h\u00e1bitos de navegaci\u00f3n del visitante o del equipo en que se instalan, o incluso pueden utilizarse para reconocer al usuario.<\/p>\n<p>La Pol\u00edtica de Cookies tiene intenci\u00f3n de informar al visitante del sitio web para que \u00e9ste pueda decidir si desea permitir la instalaci\u00f3n de las cookies utilizadas por <strong>montbar.com<\/strong>\u00a0y c\u00f3mo gestionarlas. Para ello presentamos toda la informaci\u00f3n sobre las cookies que consideramos b\u00e1sicas que permitan tomar una decisi\u00f3n consciente e informada para cualquier usuario de internet (qu\u00e9 son las cookies, para qu\u00e9 sirven, o c\u00f3mo desactivarlas o borrarlas), y as\u00ed poderle facilitar la identificaci\u00f3n de las cookies que se usan en el portal web de <strong>montbar.com<\/strong><\/p>\n<p>Esta Pol\u00edtica de Cookies puede actualizarse en cualquier momento, para adaptarse a futuros cambios de la normativa vigente o como consecuencia de cualquier cambio en la configuraci\u00f3n de las cookies utilizadas.<\/p>\n<p>Tipos de Cookies<\/p>\n<p>Existen distintos tipos de cookies, clasificadas seg\u00fan su funcionalidad y seg\u00fan la titularidad de las mismas:<\/p>\n<p>Seg\u00fan la titularidad las cookies se clasifican en:<\/p>\n<p>\u00b7 Propias: Cookies generadas por <strong>montbar.com<\/strong>.<\/p>\n<p>\u00b7 De Terceros: La titularidad pertenece a un tercero, externo a <strong>montbar.com<\/strong>\u00a0que maneja y trata la informaci\u00f3n obtenida de ellas.<\/p>\n<p>Seg\u00fan la funcionalidad, las cookies usadas en <strong>montbar.com<\/strong>\u00a0pueden ser clasificadas en:<\/p>\n<ul>\n<li>Cookies\u00a0<strong>t\u00e9cnicas<\/strong>: Son aqu\u00e9llas que permiten al usuario la navegaci\u00f3n a trav\u00e9s de la p\u00e1gina web y la utilizaci\u00f3n de las diferentes opciones o servicios que existen en ella como, por ejemplo, identificar la sesi\u00f3n, acceder a partes de acceso restringido, realizar el proceso de compra de un pedido (en el supuesto que fuera posible realizar esta acci\u00f3n) o compartir contenidos a trav\u00e9s de redes sociales.<\/li>\n<\/ul>\n<ul>\n<li>Cookies\u00a0<strong>anal\u00edticas<\/strong>: Son aqu\u00e9llas que nos permiten realizar el seguimiento y an\u00e1lisis del comportamiento de los visitantes de nuestro sitio web para cuantificar el n\u00famero de usuarios y poder realizar el an\u00e1lisis estad\u00edstico de la utilizaci\u00f3n de los productos ofertados con el fin de mejorar la oferta de aquellos que se ofrecen. Este portal usa los servicios de Google Analytics para realizar estos tipos de an\u00e1lisis. Las condiciones de este servicio se puede consultar en la siguiente direcci\u00f3n:<\/li>\n<\/ul>\n<p><a href=\"https:\/\/developers.google.com\/analytics\/devguides\/collection\/analyticsjs\/cookie-usage\">https:\/\/developers.google.com\/analytics\/devguides\/collection\/analyticsjs\/cookie-usage<\/a><\/p>\n<p>Las cookies usadas por <strong>montbar.com<\/strong>, son b\u00e1sicamente propias de tipo t\u00e9cnicas de gesti\u00f3n de la preferencia de idiomas del usuario, y de los siguientes terceros:<\/p>\n<p><strong>\u201cGoogle cookies\u201c<\/strong><\/p>\n<p>La informaci\u00f3n obtenida por la misma es tratada por <strong>montbar.com<\/strong>\u00a0y por el tercero Google Ireland Limited\u00a0<a href=\"https:\/\/www.google.es\/intl\/es\/policies\/technologies\/cookies\/\">https:\/\/www.google.es\/intl\/es\/policies\/technologies\/cookies\/<\/a><\/p>\n<p>Las cookies que utiliza <strong>montbar.com<\/strong>\u00a0son an\u00f3nimas y no proporcionan referencias que permitan deducir datos personales del usuario. Son usadas \u00fanicamente para recordar la configuraci\u00f3n que el visitante selecciona al navegar por el sitio (idioma preferido) y para mejorar el portal, detectar nuevas necesidades y valorar las mejoras a introducir con la finalidad de prestar un mejor servicio a los visitantes del mismo.<\/p>\n<p>Gesti\u00f3n de Cookies<\/p>\n<p>La instalaci\u00f3n de las cookies ocurre sin una autorizaci\u00f3n expresa, sin embargo, se considera que se ha obtenido dicho\u00a0<strong>consentimiento\u00a0<\/strong>si el usuario navega por nuestro sitio web, o si no realiza los pasos necesarios para bloquear el uso de cookies.<\/p>\n<p>Si el usuario desea\u00a0<strong>no autorizar\u00a0<\/strong>el uso de cookies deber\u00e1 eliminar las cookies instaladas y, en su caso, modificar sus preferencias sobre la aceptaci\u00f3n de cookies a trav\u00e9s de las opciones de su navegador. Para evitar que se instalen en el futuro deber\u00e1 activar las opciones de Navegaci\u00f3n Privada o \u201cDo-Not-Track\u201d previstas en su navegador, es decir, bloquear o desactivar la instalaci\u00f3n de cookies.<\/p>\n<p><strong>Para permitir, bloquear o eliminar las cookies instaladas<\/strong>\u00a0en su equipo o dispositivo mediante la configuraci\u00f3n de las opciones del navegador instalado en el mismo, debe seguir las instrucciones proporcionadas por el propio navegador. A continuaci\u00f3n proporcionamos los enlaces para configurar las cookies de los navegadores m\u00e1s populares:<\/p>\n<p>\u00b7 Internet Explorer:\u00a0<a href=\"http:\/\/windows.microsoft.com\/es-xl\/internet-explorer\/delete-manage-cookies#ie=ie-10\">Eliminar y administrar cookies<\/a><\/p>\n<p>\u00b7 Mozilla Firefox:\u00a0<a href=\"https:\/\/support.mozilla.org\/es\/kb\/Borrar%20cookies\">Borrar Cookies<\/a>;\u00a0<a href=\"https:\/\/support.mozilla.org\/es\/kb\/impedir-que-los-sitios-web-guarden-sus-preferencia\">Impedir que los sitios web guarden sus preferencias o estados de sesi\u00f3n en Firefox<\/a><\/p>\n<p>\u00b7 Google Chrome:\u00a0<a href=\"https:\/\/support.google.com\/chrome\/answer\/95647?hl=es\">C\u00f3mo administrar cookies y datos de sitios<\/a><\/p>\n<p>\u00b7 Opera:\u00a0<a href=\"http:\/\/help.opera.com\/Windows\/11.50\/es-ES\/cookies.html\">cookies<\/a><\/p>\n<p>\u00b7 Safari:\u00a0<a href=\"http:\/\/support.apple.com\/kb\/HT1677?viewlocale=es_ES&amp;locale=es_ES\">Ajustes web de Safari<\/a><\/p>\n<p>Si utilizan cualquier otro navegador, o los enlaces proporcionados no contienen la informaci\u00f3n que desean, pueden localizar c\u00f3mo gestionar las cookies que se instalan en su equipo accediendo al men\u00fa \u201cOpciones\u201d o \u201cConfiguraci\u00f3n\u201d \u2013o equivalente- del navegador, o bien consultando la secci\u00f3n de \u201cAyuda\u201d o \u201cSoporte\u201d del propio navegador.<\/p>\n<p>Hay navegadores que permiten configurar reglas espec\u00edficas \u2013excepciones- para administrar las cookies por sitio web, de forma que pueden inhabilitarse las cookies de todos los sitios salvo de aquellos en los que se conf\u00ede.<\/p>\n<p>En caso de bloquear o desactivar el uso de \u2018cookies\u2019 en su navegador es posible que algunos servicios o funcionalidades de la p\u00e1gina web no est\u00e9n disponibles.<\/p>\n<p>Recuerden que debes configurar sus preferencias en todos los dispositivos que utilicen para navegar por internet.[\/vc_column_text][\/vc_column][\/vc_row]<\/p>\n","protected":false},"excerpt":{"rendered":"<p>[vc_row content_width=&#8221;grid&#8221; content_aligment=&#8221;center&#8221;][vc_column][vc_raw_html]JTNDaDElMjBjbGFzcyUzRCUyMmVsdGQtc2VjdGlvbi10aXRsZSUyMiUzRVBvbCVDMyVBRHRpY2ElMjBkZSUyMEdhbGV0ZXMlM0MlMkZoMSUzRQ==[\/vc_raw_html][\/vc_column][\/vc_row][vc_row][vc_column][vc_column_text]La web montbar.com\u00a0hace uso de cookies, archivos enviados a un navegador por medio de un servidor web que almacenan informaci\u00f3n en el equipo del visitante que navega por el sitio web, y permiten que se acceda a \u00e9ste una vez creadas. En resumen,&#8230;<\/p>\n","protected":false},"author":3,"featured_media":0,"parent":0,"menu_order":0,"comment_status":"closed","ping_status":"closed","template":"","meta":{"footnotes":""},"class_list":["post-9587","page","type-page","status-publish","hentry"],"_links":{"self":[{"href":"https:\/\/montbar.com\/ca\/wp-json\/wp\/v2\/pages\/9587","targetHints":{"allow":["GET"]}}],"collection":[{"href":"https:\/\/montbar.com\/ca\/wp-json\/wp\/v2\/pages"}],"about":[{"href":"https:\/\/montbar.com\/ca\/wp-json\/wp\/v2\/types\/page"}],"author":[{"embeddable":true,"href":"https:\/\/montbar.com\/ca\/wp-json\/wp\/v2\/users\/3"}],"replies":[{"embeddable":true,"href":"https:\/\/montbar.com\/ca\/wp-json\/wp\/v2\/comments?post=9587"}],"version-history":[{"count":4,"href":"https:\/\/montbar.com\/ca\/wp-json\/wp\/v2\/pages\/9587\/revisions"}],"predecessor-version":[{"id":11921,"href":"https:\/\/montbar.com\/ca\/wp-json\/wp\/v2\/pages\/9587\/revisions\/11921"}],"wp:attachment":[{"href":"https:\/\/montbar.com\/ca\/wp-json\/wp\/v2\/media?parent=9587"}],"curies":[{"name":"wp","href":"https:\/\/api.w.org\/{rel}","templated":true}]}}