{"id":9756,"date":"2020-05-18T15:54:37","date_gmt":"2020-05-18T15:54:37","guid":{"rendered":"https:\/\/www.montbar.com\/?page_id=9756"},"modified":"2026-03-09T12:58:38","modified_gmt":"2026-03-09T12:58:38","slug":"carta","status":"publish","type":"page","link":"https:\/\/montbar.com\/ca\/carta\/","title":{"rendered":"Carta"},"content":{"rendered":"<p>[vc_row][vc_column][vc_raw_html]JTNDaDElMjBjbGFzcyUzRCUyMmVsdGQtc2VjdGlvbi10aXRsZSUyMiUzRUNhcnRhJTNDJTJGaDElM0U=[\/vc_raw_html][\/vc_column][\/vc_row][vc_row disable_element=&#8221;yes&#8221;][vc_column]<div class=\"eltd-section-title-outer-holder\" style=\"text-align: center\">\n\n\t\n\t\t\t<div class=\"eltd-section-title-title-holder\">\n\t\t\t\t<h2 class=\"eltd-section-title\" style=\";;;;;;;\">\n\t\t\t\tCARTA\t\t\t\t<\/h2>\n\t\t<\/div>\n\t\n<\/div>[\/vc_column][\/vc_row][vc_row disable_element=&#8221;yes&#8221;][vc_column][vc_column_text]<\/p>\n<p style=\"text-align: center;\"><a href=\"https:\/\/montbar.com\/es\/carta\">ESP <\/a>&#8211; <a href=\"https:\/\/montbar.com\/en\/carta\">ENG <\/a>&#8211; <a href=\"https:\/\/montbar.com\/ca\/carta\">CAT<\/a><\/p>\n<p>[\/vc_column_text][\/vc_column][\/vc_row][vc_row content_width=&#8221;grid&#8221; content_aligment=&#8221;center&#8221; css=&#8221;.vc_custom_1589975720244{padding-top: 95px !important;padding-bottom: 60px !important;}&#8221;][vc_column offset=&#8221;vc_col-lg-offset-3 vc_col-lg-6 vc_col-md-offset-1 vc_col-md-10&#8243;]<div class=\"eltd-section-title-outer-holder\" style=\"text-align: center\">\n\n\t\n\t\t\t<div class=\"eltd-section-title-title-holder\">\n\t\t\t\t<h2 class=\"eltd-section-title\" style=\";;;;;text-transform: None;letter-spacing: 0.5px;\">\n\t\t\t\tSnacks\t\t\t\t<\/h2>\n\t\t<\/div>\n\t\n<\/div>[\/vc_column][\/vc_row][vc_row content_width=&#8221;grid&#8221; css=&#8221;.vc_custom_1475488417808{padding-bottom: 60px !important;}&#8221;][vc_column offset=&#8221;vc_col-lg-6 vc_col-md-6&#8243;]<div class=\"eltd-restaurant-menu\" ><div class=\"eltd-restaurant-menu-holder\"><div class=\"eltd-rstrnt-item\">\n\n\t\n\t<div class=\"eltd-rstrnt-item-inner\">\n\n\t\t\n\t\t\t<div class=\"eltd-rstrnt-title-price-holder clearfix\">\n\n\t\t\t\t\n\t\t\t\t\t<h5 class=\"eltd-rstrnt-title\">\n\t\t\t\t\t\t<span class=\"eltd-rstrnt-title-area\" >\n\t\t\t\t\t\t\tMochi de sobrassada i formatge Ma\u00f3\t\t\t\t\t\t\t\t\t\t\t\t\t<\/span>\n\t\t\t\t\t<\/h5>\n\t\t\t\t\n\t\t\t\t\t<div class=\"eltd-rstrnt-price-holder\">\n\t\t\t\t\t\t<h5 class=\"eltd-rstrnt-price\">\n\t\t\t\t\t\t\t<span class=\"eltd-rstrnt-currency\">8.00<\/span>\n\t\t\t\t\t\t\t<span class=\"eltd-rstrnt-number\">\u20ac<\/span>\n\t\t\t\t\t\t<\/h5>\n\t\t\t\t\t<\/div>\n\n\t\t\t\t\n\t\t\t<\/div>\n\n\t\t\n\t\t\t<\/div>\n<\/div><div class=\"eltd-rstrnt-item\">\n\n\t\n\t<div class=\"eltd-rstrnt-item-inner\">\n\n\t\t\n\t\t\t<div class=\"eltd-rstrnt-title-price-holder clearfix\">\n\n\t\t\t\t\n\t\t\t\t\t<h5 class=\"eltd-rstrnt-title\">\n\t\t\t\t\t\t<span class=\"eltd-rstrnt-title-area\" >\n\t\t\t\t\t\t\tSoufl\u00e9 d\u00b4escopinyes, massamare i hondashi\t\t\t\t\t\t\t\t\t\t\t\t\t<\/span>\n\t\t\t\t\t<\/h5>\n\t\t\t\t\n\t\t\t\t\t<div class=\"eltd-rstrnt-price-holder\">\n\t\t\t\t\t\t<h5 class=\"eltd-rstrnt-price\">\n\t\t\t\t\t\t\t<span class=\"eltd-rstrnt-currency\">9.00<\/span>\n\t\t\t\t\t\t\t<span class=\"eltd-rstrnt-number\">\u20ac<\/span>\n\t\t\t\t\t\t<\/h5>\n\t\t\t\t\t<\/div>\n\n\t\t\t\t\n\t\t\t<\/div>\n\n\t\t\n\t\t\t<\/div>\n<\/div><div class=\"eltd-rstrnt-item\">\n\n\t\n\t<div class=\"eltd-rstrnt-item-inner\">\n\n\t\t\n\t\t\t<div class=\"eltd-rstrnt-title-price-holder clearfix\">\n\n\t\t\t\t\n\t\t\t\t\t<h5 class=\"eltd-rstrnt-title\">\n\t\t\t\t\t\t<span class=\"eltd-rstrnt-title-area\" >\n\t\t\t\t\t\t\tS\u00e0ndwich de pell de pollastre i calamar\t\t\t\t\t\t\t\t\t\t\t\t\t<\/span>\n\t\t\t\t\t<\/h5>\n\t\t\t\t\n\t\t\t\t\t<div class=\"eltd-rstrnt-price-holder\">\n\t\t\t\t\t\t<h5 class=\"eltd-rstrnt-price\">\n\t\t\t\t\t\t\t<span class=\"eltd-rstrnt-currency\">9.00<\/span>\n\t\t\t\t\t\t\t<span class=\"eltd-rstrnt-number\">\u20ac<\/span>\n\t\t\t\t\t\t<\/h5>\n\t\t\t\t\t<\/div>\n\n\t\t\t\t\n\t\t\t<\/div>\n\n\t\t\n\t\t\t<\/div>\n<\/div><div class=\"eltd-rstrnt-item\">\n\n\t\n\t<div class=\"eltd-rstrnt-item-inner\">\n\n\t\t\n\t\t\t<div class=\"eltd-rstrnt-title-price-holder clearfix\">\n\n\t\t\t\t\n\t\t\t\t\t<h5 class=\"eltd-rstrnt-title\">\n\t\t\t\t\t\t<span class=\"eltd-rstrnt-title-area\" >\n\t\t\t\t\t\t\tVol-au-vent de eri\u00e7\u00f3, straciatella i wasabi\t\t\t\t\t\t\t\t\t\t\t\t\t<\/span>\n\t\t\t\t\t<\/h5>\n\t\t\t\t\n\t\t\t\t\t<div class=\"eltd-rstrnt-price-holder\">\n\t\t\t\t\t\t<h5 class=\"eltd-rstrnt-price\">\n\t\t\t\t\t\t\t<span class=\"eltd-rstrnt-currency\">9.00<\/span>\n\t\t\t\t\t\t\t<span class=\"eltd-rstrnt-number\">\u20ac<\/span>\n\t\t\t\t\t\t<\/h5>\n\t\t\t\t\t<\/div>\n\n\t\t\t\t\n\t\t\t<\/div>\n\n\t\t\n\t\t\t<\/div>\n<\/div><\/div><\/div>[vc_empty_space height=&#8221;30px&#8221;][\/vc_column][vc_column offset=&#8221;vc_col-lg-6 vc_col-md-6&#8243;]<div class=\"eltd-restaurant-menu\" ><div class=\"eltd-restaurant-menu-holder\"><div class=\"eltd-rstrnt-item\">\n\n\t\n\t<div class=\"eltd-rstrnt-item-inner\">\n\n\t\t\n\t\t\t<div class=\"eltd-rstrnt-title-price-holder clearfix\">\n\n\t\t\t\t\n\t\t\t\t\t<h5 class=\"eltd-rstrnt-title\">\n\t\t\t\t\t\t<span class=\"eltd-rstrnt-title-area\" >\n\t\t\t\t\t\t\tTorrada de ceviche amb llobarro i alvocat\t\t\t\t\t\t\t\t\t\t\t\t\t<\/span>\n\t\t\t\t\t<\/h5>\n\t\t\t\t\n\t\t\t\t\t<div class=\"eltd-rstrnt-price-holder\">\n\t\t\t\t\t\t<h5 class=\"eltd-rstrnt-price\">\n\t\t\t\t\t\t\t<span class=\"eltd-rstrnt-currency\">9.00<\/span>\n\t\t\t\t\t\t\t<span class=\"eltd-rstrnt-number\">\u20ac<\/span>\n\t\t\t\t\t\t<\/h5>\n\t\t\t\t\t<\/div>\n\n\t\t\t\t\n\t\t\t<\/div>\n\n\t\t\n\t\t\t<\/div>\n<\/div><div class=\"eltd-rstrnt-item\">\n\n\t\n\t<div class=\"eltd-rstrnt-item-inner\">\n\n\t\t\n\t\t\t<div class=\"eltd-rstrnt-title-price-holder clearfix\">\n\n\t\t\t\t\n\t\t\t\t\t<h5 class=\"eltd-rstrnt-title\">\n\t\t\t\t\t\t<span class=\"eltd-rstrnt-title-area\" >\n\t\t\t\t\t\t\tTerrina de wagyu, foie gras i raifort\t\t\t\t\t\t\t\t\t\t\t\t\t<\/span>\n\t\t\t\t\t<\/h5>\n\t\t\t\t\n\t\t\t\t\t<div class=\"eltd-rstrnt-price-holder\">\n\t\t\t\t\t\t<h5 class=\"eltd-rstrnt-price\">\n\t\t\t\t\t\t\t<span class=\"eltd-rstrnt-currency\">14.00<\/span>\n\t\t\t\t\t\t\t<span class=\"eltd-rstrnt-number\">\u20ac<\/span>\n\t\t\t\t\t\t<\/h5>\n\t\t\t\t\t<\/div>\n\n\t\t\t\t\n\t\t\t<\/div>\n\n\t\t\n\t\t\t<\/div>\n<\/div><div class=\"eltd-rstrnt-item\">\n\n\t\n\t<div class=\"eltd-rstrnt-item-inner\">\n\n\t\t\n\t\t\t<div class=\"eltd-rstrnt-title-price-holder clearfix\">\n\n\t\t\t\t\n\t\t\t\t\t<h5 class=\"eltd-rstrnt-title\">\n\t\t\t\t\t\t<span class=\"eltd-rstrnt-title-area\" >\n\t\t\t\t\t\t\tRemolatxa, anguila fumada i caviar\t\t\t\t\t\t\t\t\t\t\t\t\t<\/span>\n\t\t\t\t\t<\/h5>\n\t\t\t\t\n\t\t\t\t\t<div class=\"eltd-rstrnt-price-holder\">\n\t\t\t\t\t\t<h5 class=\"eltd-rstrnt-price\">\n\t\t\t\t\t\t\t<span class=\"eltd-rstrnt-currency\">15.00<\/span>\n\t\t\t\t\t\t\t<span class=\"eltd-rstrnt-number\">\u20ac<\/span>\n\t\t\t\t\t\t<\/h5>\n\t\t\t\t\t<\/div>\n\n\t\t\t\t\n\t\t\t<\/div>\n\n\t\t\n\t\t\t<\/div>\n<\/div><\/div><\/div>[\/vc_column][\/vc_row][vc_row content_width=&#8221;grid&#8221; content_aligment=&#8221;center&#8221; css=&#8221;.vc_custom_1589898590567{padding-top: 1px !important;padding-bottom: 60px !important;}&#8221;][vc_column offset=&#8221;vc_col-lg-offset-3 vc_col-lg-6 vc_col-md-offset-1 vc_col-md-10&#8243;]<div class=\"eltd-section-title-outer-holder\" style=\"text-align: center\">\n\n\t\n\t\t\t<div class=\"eltd-section-title-title-holder\">\n\t\t\t\t<h2 class=\"eltd-section-title\" style=\";;;;;text-transform: None;letter-spacing: 0.5px;\">\n\t\t\t\tTemporada\t\t\t\t<\/h2>\n\t\t<\/div>\n\t\n<\/div>[\/vc_column][\/vc_row][vc_row content_width=&#8221;grid&#8221; css=&#8221;.vc_custom_1475488417808{padding-bottom: 60px !important;}&#8221;][vc_column offset=&#8221;vc_col-lg-6 vc_col-md-6&#8243;]<div class=\"eltd-restaurant-menu\" ><div class=\"eltd-restaurant-menu-holder\"><div class=\"eltd-rstrnt-item\">\n\n\t\n\t<div class=\"eltd-rstrnt-item-inner\">\n\n\t\t\n\t\t\t<div class=\"eltd-rstrnt-title-price-holder clearfix\">\n\n\t\t\t\t\n\t\t\t\t\t<h5 class=\"eltd-rstrnt-title\">\n\t\t\t\t\t\t<span class=\"eltd-rstrnt-title-area\" >\n\t\t\t\t\t\t\tCrema gelada de bolets, portobello i t\u00f2fona\t\t\t\t\t\t\t\t\t\t\t\t\t<\/span>\n\t\t\t\t\t<\/h5>\n\t\t\t\t\n\t\t\t\t\t<div class=\"eltd-rstrnt-price-holder\">\n\t\t\t\t\t\t<h5 class=\"eltd-rstrnt-price\">\n\t\t\t\t\t\t\t<span class=\"eltd-rstrnt-currency\">35.00<\/span>\n\t\t\t\t\t\t\t<span class=\"eltd-rstrnt-number\">\u20ac<\/span>\n\t\t\t\t\t\t<\/h5>\n\t\t\t\t\t<\/div>\n\n\t\t\t\t\n\t\t\t<\/div>\n\n\t\t\n\t\t\t<\/div>\n<\/div><div class=\"eltd-rstrnt-item\">\n\n\t\n\t<div class=\"eltd-rstrnt-item-inner\">\n\n\t\t\n\t\t\t<div class=\"eltd-rstrnt-title-price-holder clearfix\">\n\n\t\t\t\t\n\t\t\t\t\t<h5 class=\"eltd-rstrnt-title\">\n\t\t\t\t\t\t<span class=\"eltd-rstrnt-title-area\" >\n\t\t\t\t\t\t\tM\u00fargola, polenta, vin jaune i formatge Ferrer\t\t\t\t\t\t\t\t\t\t\t\t\t<\/span>\n\t\t\t\t\t<\/h5>\n\t\t\t\t\n\t\t\t\t\t<div class=\"eltd-rstrnt-price-holder\">\n\t\t\t\t\t\t<h5 class=\"eltd-rstrnt-price\">\n\t\t\t\t\t\t\t<span class=\"eltd-rstrnt-currency\">40.00<\/span>\n\t\t\t\t\t\t\t<span class=\"eltd-rstrnt-number\">\u20ac<\/span>\n\t\t\t\t\t\t<\/h5>\n\t\t\t\t\t<\/div>\n\n\t\t\t\t\n\t\t\t<\/div>\n\n\t\t\n\t\t\t<\/div>\n<\/div><\/div><\/div>[vc_empty_space height=&#8221;30px&#8221;][\/vc_column][vc_column offset=&#8221;vc_col-lg-6 vc_col-md-6&#8243;]<div class=\"eltd-restaurant-menu\" ><div class=\"eltd-restaurant-menu-holder\"><div class=\"eltd-rstrnt-item\">\n\n\t\n\t<div class=\"eltd-rstrnt-item-inner\">\n\n\t\t\n\t\t\t<div class=\"eltd-rstrnt-title-price-holder clearfix\">\n\n\t\t\t\t\n\t\t\t\t\t<h5 class=\"eltd-rstrnt-title\">\n\t\t\t\t\t\t<span class=\"eltd-rstrnt-title-area\" >\n\t\t\t\t\t\t\tP\u00e8sols del maresme, pistachxo i ficoide glacial\t\t\t\t\t\t\t\t\t\t\t\t\t<\/span>\n\t\t\t\t\t<\/h5>\n\t\t\t\t\n\t\t\t\t\t<div class=\"eltd-rstrnt-price-holder\">\n\t\t\t\t\t\t<h5 class=\"eltd-rstrnt-price\">\n\t\t\t\t\t\t\t<span class=\"eltd-rstrnt-currency\">45.00<\/span>\n\t\t\t\t\t\t\t<span class=\"eltd-rstrnt-number\">\u20ac<\/span>\n\t\t\t\t\t\t<\/h5>\n\t\t\t\t\t<\/div>\n\n\t\t\t\t\n\t\t\t<\/div>\n\n\t\t\n\t\t\t<\/div>\n<\/div><\/div><\/div>[\/vc_column][\/vc_row][vc_row content_width=&#8221;grid&#8221; content_aligment=&#8221;center&#8221; css=&#8221;.vc_custom_1589973758586{padding-top: 1px !important;padding-bottom: 60px !important;}&#8221;][vc_column offset=&#8221;vc_col-lg-offset-3 vc_col-lg-6 vc_col-md-offset-1 vc_col-md-10&#8243;]<div class=\"eltd-section-title-outer-holder\" style=\"text-align: center\">\n\n\t\n\t\t\t<div class=\"eltd-section-title-title-holder\">\n\t\t\t\t<h2 class=\"eltd-section-title\" style=\";;;;;text-transform: None;letter-spacing: 0.5px;\">\n\t\t\t\tEl Mar\t\t\t\t<\/h2>\n\t\t<\/div>\n\t\n<\/div>[\/vc_column][\/vc_row][vc_row content_width=&#8221;grid&#8221; css=&#8221;.vc_custom_1475488417808{padding-bottom: 60px !important;}&#8221;][vc_column offset=&#8221;vc_col-lg-6 vc_col-md-6&#8243;]<div class=\"eltd-restaurant-menu\" ><div class=\"eltd-restaurant-menu-holder\"><div class=\"eltd-rstrnt-item\">\n\n\t\n\t<div class=\"eltd-rstrnt-item-inner\">\n\n\t\t\n\t\t\t<div class=\"eltd-rstrnt-title-price-holder clearfix\">\n\n\t\t\t\t\n\t\t\t\t\t<h5 class=\"eltd-rstrnt-title\">\n\t\t\t\t\t\t<span class=\"eltd-rstrnt-title-area\" >\n\t\t\t\t\t\t\tNavalles amb ponzu a la donostiarra\t\t\t\t\t\t\t\t\t\t\t\t\t<\/span>\n\t\t\t\t\t<\/h5>\n\t\t\t\t\n\t\t\t\t\t<div class=\"eltd-rstrnt-price-holder\">\n\t\t\t\t\t\t<h5 class=\"eltd-rstrnt-price\">\n\t\t\t\t\t\t\t<span class=\"eltd-rstrnt-currency\">24.00<\/span>\n\t\t\t\t\t\t\t<span class=\"eltd-rstrnt-number\">\u20ac<\/span>\n\t\t\t\t\t\t<\/h5>\n\t\t\t\t\t<\/div>\n\n\t\t\t\t\n\t\t\t<\/div>\n\n\t\t\n\t\t\t<\/div>\n<\/div><div class=\"eltd-rstrnt-item\">\n\n\t\n\t<div class=\"eltd-rstrnt-item-inner\">\n\n\t\t\n\t\t\t<div class=\"eltd-rstrnt-title-price-holder clearfix\">\n\n\t\t\t\t\n\t\t\t\t\t<h5 class=\"eltd-rstrnt-title\">\n\t\t\t\t\t\t<span class=\"eltd-rstrnt-title-area\" >\n\t\t\t\t\t\t\tVentresca de tonyina amb emulsi\u00f3 de pinyons\t\t\t\t\t\t\t\t\t\t\t\t\t<\/span>\n\t\t\t\t\t<\/h5>\n\t\t\t\t\n\t\t\t\t\t<div class=\"eltd-rstrnt-price-holder\">\n\t\t\t\t\t\t<h5 class=\"eltd-rstrnt-price\">\n\t\t\t\t\t\t\t<span class=\"eltd-rstrnt-currency\">38.00<\/span>\n\t\t\t\t\t\t\t<span class=\"eltd-rstrnt-number\">\u20ac<\/span>\n\t\t\t\t\t\t<\/h5>\n\t\t\t\t\t<\/div>\n\n\t\t\t\t\n\t\t\t<\/div>\n\n\t\t\n\t\t\t<\/div>\n<\/div><\/div><\/div>[vc_empty_space height=&#8221;30px&#8221;][\/vc_column][vc_column offset=&#8221;vc_col-lg-6 vc_col-md-6&#8243;]<div class=\"eltd-restaurant-menu\" ><div class=\"eltd-restaurant-menu-holder\"><div class=\"eltd-rstrnt-item\">\n\n\t\n\t<div class=\"eltd-rstrnt-item-inner\">\n\n\t\t\n\t\t\t<div class=\"eltd-rstrnt-title-price-holder clearfix\">\n\n\t\t\t\t\n\t\t\t\t\t<h5 class=\"eltd-rstrnt-title\">\n\t\t\t\t\t\t<span class=\"eltd-rstrnt-title-area\" >\n\t\t\t\t\t\t\tTurbot a la beurre blanc i caviar\t\t\t\t\t\t\t\t\t\t\t\t\t<\/span>\n\t\t\t\t\t<\/h5>\n\t\t\t\t\n\t\t\t\t\t<div class=\"eltd-rstrnt-price-holder\">\n\t\t\t\t\t\t<h5 class=\"eltd-rstrnt-price\">\n\t\t\t\t\t\t\t<span class=\"eltd-rstrnt-currency\">40.00<\/span>\n\t\t\t\t\t\t\t<span class=\"eltd-rstrnt-number\">\u20ac<\/span>\n\t\t\t\t\t\t<\/h5>\n\t\t\t\t\t<\/div>\n\n\t\t\t\t\n\t\t\t<\/div>\n\n\t\t\n\t\t\t<\/div>\n<\/div><div class=\"eltd-rstrnt-item\">\n\n\t\n\t<div class=\"eltd-rstrnt-item-inner\">\n\n\t\t\n\t\t\t<div class=\"eltd-rstrnt-title-price-holder clearfix\">\n\n\t\t\t\t\n\t\t\t\t\t<h5 class=\"eltd-rstrnt-title\">\n\t\t\t\t\t\t<span class=\"eltd-rstrnt-title-area\" >\n\t\t\t\t\t\t\tEspardenyes a la carbonara\t\t\t\t\t\t\t\t\t\t\t\t\t<\/span>\n\t\t\t\t\t<\/h5>\n\t\t\t\t\n\t\t\t\t\t<div class=\"eltd-rstrnt-price-holder\">\n\t\t\t\t\t\t<h5 class=\"eltd-rstrnt-price\">\n\t\t\t\t\t\t\t<span class=\"eltd-rstrnt-currency\">55.00<\/span>\n\t\t\t\t\t\t\t<span class=\"eltd-rstrnt-number\">\u20ac<\/span>\n\t\t\t\t\t\t<\/h5>\n\t\t\t\t\t<\/div>\n\n\t\t\t\t\n\t\t\t<\/div>\n\n\t\t\n\t\t\t<\/div>\n<\/div><\/div><\/div>[\/vc_column][\/vc_row][vc_row content_width=&#8221;grid&#8221; content_aligment=&#8221;center&#8221; css=&#8221;.vc_custom_1589973758586{padding-top: 1px !important;padding-bottom: 60px !important;}&#8221;][vc_column offset=&#8221;vc_col-lg-offset-3 vc_col-lg-6 vc_col-md-offset-1 vc_col-md-10&#8243;]<div class=\"eltd-section-title-outer-holder\" style=\"text-align: center\">\n\n\t\n\t\t\t<div class=\"eltd-section-title-title-holder\">\n\t\t\t\t<h2 class=\"eltd-section-title\" style=\";;;;;text-transform: None;letter-spacing: 0.5px;\">\n\t\t\t\tCarns\t\t\t\t<\/h2>\n\t\t<\/div>\n\t\n<\/div>[\/vc_column][\/vc_row][vc_row content_width=&#8221;grid&#8221; css=&#8221;.vc_custom_1475488417808{padding-bottom: 60px !important;}&#8221;][vc_column offset=&#8221;vc_col-lg-6 vc_col-md-6&#8243;]<div class=\"eltd-restaurant-menu\" ><div class=\"eltd-restaurant-menu-holder\"><div class=\"eltd-rstrnt-item\">\n\n\t\n\t<div class=\"eltd-rstrnt-item-inner\">\n\n\t\t\n\t\t\t<div class=\"eltd-rstrnt-title-price-holder clearfix\">\n\n\t\t\t\t\n\t\t\t\t\t<h5 class=\"eltd-rstrnt-title\">\n\t\t\t\t\t\t<span class=\"eltd-rstrnt-title-area\" >\n\t\t\t\t\t\t\tColom\u00ed de Bresse en dues coccions, carxofa i cacau\t\t\t\t\t\t\t\t\t\t\t\t\t<\/span>\n\t\t\t\t\t<\/h5>\n\t\t\t\t\n\t\t\t\t\t<div class=\"eltd-rstrnt-price-holder\">\n\t\t\t\t\t\t<h5 class=\"eltd-rstrnt-price\">\n\t\t\t\t\t\t\t<span class=\"eltd-rstrnt-currency\">52.00<\/span>\n\t\t\t\t\t\t\t<span class=\"eltd-rstrnt-number\">\u20ac<\/span>\n\t\t\t\t\t\t<\/h5>\n\t\t\t\t\t<\/div>\n\n\t\t\t\t\n\t\t\t<\/div>\n\n\t\t\n\t\t\t<\/div>\n<\/div><div class=\"eltd-rstrnt-item\">\n\n\t\n\t<div class=\"eltd-rstrnt-item-inner\">\n\n\t\t\n\t\t\t<div class=\"eltd-rstrnt-title-price-holder clearfix\">\n\n\t\t\t\t\n\t\t\t\t\t<h5 class=\"eltd-rstrnt-title\">\n\t\t\t\t\t\t<span class=\"eltd-rstrnt-title-area\" >\n\t\t\t\t\t\t\tGarr\u00ed ib\u00e8ric amb salsa cantonesa\t\t\t\t\t\t\t\t\t\t\t\t\t<\/span>\n\t\t\t\t\t<\/h5>\n\t\t\t\t\n\t\t\t\t\t<div class=\"eltd-rstrnt-price-holder\">\n\t\t\t\t\t\t<h5 class=\"eltd-rstrnt-price\">\n\t\t\t\t\t\t\t<span class=\"eltd-rstrnt-currency\">55.00<\/span>\n\t\t\t\t\t\t\t<span class=\"eltd-rstrnt-number\">\u20ac<\/span>\n\t\t\t\t\t\t<\/h5>\n\t\t\t\t\t<\/div>\n\n\t\t\t\t\n\t\t\t<\/div>\n\n\t\t\n\t\t\t<\/div>\n<\/div><\/div><\/div>[vc_empty_space height=&#8221;30px&#8221;][\/vc_column][vc_column offset=&#8221;vc_col-lg-6 vc_col-md-6&#8243;]<div class=\"eltd-restaurant-menu\" ><div class=\"eltd-restaurant-menu-holder\"><div class=\"eltd-rstrnt-item\">\n\n\t\n\t<div class=\"eltd-rstrnt-item-inner\">\n\n\t\t\n\t\t\t<div class=\"eltd-rstrnt-title-price-holder clearfix\">\n\n\t\t\t\t\n\t\t\t\t\t<h5 class=\"eltd-rstrnt-title\">\n\t\t\t\t\t\t<span class=\"eltd-rstrnt-title-area\" >\n\t\t\t\t\t\t\tLlom alt de Wagyu Miyazaki A5\t\t\t\t\t\t\t\t\t\t\t\t\t<\/span>\n\t\t\t\t\t<\/h5>\n\t\t\t\t\n\t\t\t\t\t<div class=\"eltd-rstrnt-price-holder\">\n\t\t\t\t\t\t<h5 class=\"eltd-rstrnt-price\">\n\t\t\t\t\t\t\t<span class=\"eltd-rstrnt-currency\">100g\/70<\/span>\n\t\t\t\t\t\t\t<span class=\"eltd-rstrnt-number\">\u20ac<\/span>\n\t\t\t\t\t\t<\/h5>\n\t\t\t\t\t<\/div>\n\n\t\t\t\t\n\t\t\t<\/div>\n\n\t\t\n\t\t\t<\/div>\n<\/div><\/div><\/div>[\/vc_column][\/vc_row][vc_row content_width=&#8221;grid&#8221; content_aligment=&#8221;center&#8221; css=&#8221;.vc_custom_1589973790591{padding-top: 1px !important;padding-bottom: 60px !important;}&#8221;][vc_column offset=&#8221;vc_col-lg-offset-3 vc_col-lg-6 vc_col-md-offset-1 vc_col-md-10&#8243;]<div class=\"eltd-section-title-outer-holder\" style=\"text-align: center\">\n\n\t\n\t\t\t<div class=\"eltd-section-title-title-holder\">\n\t\t\t\t<h2 class=\"eltd-section-title\" style=\";;;;;text-transform: None;letter-spacing: 0.5px;\">\n\t\t\t\tPensant en Dol\u00e7\t\t\t\t<\/h2>\n\t\t<\/div>\n\t\n<\/div>[\/vc_column][\/vc_row][vc_row content_width=&#8221;grid&#8221; css=&#8221;.vc_custom_1475488417808{padding-bottom: 60px !important;}&#8221;][vc_column offset=&#8221;vc_col-lg-6 vc_col-md-6&#8243;]<div class=\"eltd-restaurant-menu\" ><div class=\"eltd-restaurant-menu-holder\"><div class=\"eltd-rstrnt-item\">\n\n\t\n\t<div class=\"eltd-rstrnt-item-inner\">\n\n\t\t\n\t\t\t<div class=\"eltd-rstrnt-title-price-holder clearfix\">\n\n\t\t\t\t\n\t\t\t\t\t<h5 class=\"eltd-rstrnt-title\">\n\t\t\t\t\t\t<span class=\"eltd-rstrnt-title-area\" >\n\t\t\t\t\t\t\tMilfulles de tarta Bordaloue\t\t\t\t\t\t\t\t\t\t\t\t\t<\/span>\n\t\t\t\t\t<\/h5>\n\t\t\t\t\n\t\t\t\t\t<div class=\"eltd-rstrnt-price-holder\">\n\t\t\t\t\t\t<h5 class=\"eltd-rstrnt-price\">\n\t\t\t\t\t\t\t<span class=\"eltd-rstrnt-currency\">8.00<\/span>\n\t\t\t\t\t\t\t<span class=\"eltd-rstrnt-number\">\u20ac<\/span>\n\t\t\t\t\t\t<\/h5>\n\t\t\t\t\t<\/div>\n\n\t\t\t\t\n\t\t\t<\/div>\n\n\t\t\n\t\t\t<\/div>\n<\/div><div class=\"eltd-rstrnt-item\">\n\n\t\n\t<div class=\"eltd-rstrnt-item-inner\">\n\n\t\t\n\t\t\t<div class=\"eltd-rstrnt-title-price-holder clearfix\">\n\n\t\t\t\t\n\t\t\t\t\t<h5 class=\"eltd-rstrnt-title\">\n\t\t\t\t\t\t<span class=\"eltd-rstrnt-title-area\" >\n\t\t\t\t\t\t\tTall gelat d&#039;arr\u00f2s, alga nori i caviar\t\t\t\t\t\t\t\t\t\t\t\t\t<\/span>\n\t\t\t\t\t<\/h5>\n\t\t\t\t\n\t\t\t\t\t<div class=\"eltd-rstrnt-price-holder\">\n\t\t\t\t\t\t<h5 class=\"eltd-rstrnt-price\">\n\t\t\t\t\t\t\t<span class=\"eltd-rstrnt-currency\">12.00<\/span>\n\t\t\t\t\t\t\t<span class=\"eltd-rstrnt-number\">\u20ac<\/span>\n\t\t\t\t\t\t<\/h5>\n\t\t\t\t\t<\/div>\n\n\t\t\t\t\n\t\t\t<\/div>\n\n\t\t\n\t\t\t<\/div>\n<\/div><div class=\"eltd-rstrnt-item\">\n\n\t\n\t<div class=\"eltd-rstrnt-item-inner\">\n\n\t\t\n\t\t\t<div class=\"eltd-rstrnt-title-price-holder clearfix\">\n\n\t\t\t\t\n\t\t\t\t\t<h5 class=\"eltd-rstrnt-title\">\n\t\t\t\t\t\t<span class=\"eltd-rstrnt-title-area\" >\n\t\t\t\t\t\t\tGerds, roses, hibisc i te Genmaicha\t\t\t\t\t\t\t\t\t\t\t\t\t<\/span>\n\t\t\t\t\t<\/h5>\n\t\t\t\t\n\t\t\t\t\t<div class=\"eltd-rstrnt-price-holder\">\n\t\t\t\t\t\t<h5 class=\"eltd-rstrnt-price\">\n\t\t\t\t\t\t\t<span class=\"eltd-rstrnt-currency\">14.00<\/span>\n\t\t\t\t\t\t\t<span class=\"eltd-rstrnt-number\">\u20ac<\/span>\n\t\t\t\t\t\t<\/h5>\n\t\t\t\t\t<\/div>\n\n\t\t\t\t\n\t\t\t<\/div>\n\n\t\t\n\t\t\t<\/div>\n<\/div><\/div><\/div>[vc_empty_space height=&#8221;30px&#8221;][\/vc_column][vc_column offset=&#8221;vc_col-lg-6 vc_col-md-6&#8243;]<div class=\"eltd-restaurant-menu\" ><div class=\"eltd-restaurant-menu-holder\"><div class=\"eltd-rstrnt-item\">\n\n\t\n\t<div class=\"eltd-rstrnt-item-inner\">\n\n\t\t\n\t\t\t<div class=\"eltd-rstrnt-title-price-holder clearfix\">\n\n\t\t\t\t\n\t\t\t\t\t<h5 class=\"eltd-rstrnt-title\">\n\t\t\t\t\t\t<span class=\"eltd-rstrnt-title-area\" >\n\t\t\t\t\t\t\tCastanyes, mandarina i avellana\t\t\t\t\t\t\t\t\t\t\t\t\t<\/span>\n\t\t\t\t\t<\/h5>\n\t\t\t\t\n\t\t\t\t\t<div class=\"eltd-rstrnt-price-holder\">\n\t\t\t\t\t\t<h5 class=\"eltd-rstrnt-price\">\n\t\t\t\t\t\t\t<span class=\"eltd-rstrnt-currency\">14.00<\/span>\n\t\t\t\t\t\t\t<span class=\"eltd-rstrnt-number\">\u20ac<\/span>\n\t\t\t\t\t\t<\/h5>\n\t\t\t\t\t<\/div>\n\n\t\t\t\t\n\t\t\t<\/div>\n\n\t\t\n\t\t\t<\/div>\n<\/div><div class=\"eltd-rstrnt-item\">\n\n\t\n\t<div class=\"eltd-rstrnt-item-inner\">\n\n\t\t\n\t\t\t<div class=\"eltd-rstrnt-title-price-holder clearfix\">\n\n\t\t\t\t\n\t\t\t\t\t<h5 class=\"eltd-rstrnt-title\">\n\t\t\t\t\t\t<span class=\"eltd-rstrnt-title-area\" >\n\t\t\t\t\t\t\tTartaleta de salsa de soja i xocolata\t\t\t\t\t\t\t\t\t\t\t\t\t<\/span>\n\t\t\t\t\t<\/h5>\n\t\t\t\t\n\t\t\t\t\t<div class=\"eltd-rstrnt-price-holder\">\n\t\t\t\t\t\t<h5 class=\"eltd-rstrnt-price\">\n\t\t\t\t\t\t\t<span class=\"eltd-rstrnt-currency\">16.00<\/span>\n\t\t\t\t\t\t\t<span class=\"eltd-rstrnt-number\">\u20ac<\/span>\n\t\t\t\t\t\t<\/h5>\n\t\t\t\t\t<\/div>\n\n\t\t\t\t\n\t\t\t<\/div>\n\n\t\t\n\t\t\t<\/div>\n<\/div><\/div><\/div>[\/vc_column][\/vc_row][vc_row][vc_column]<div class=\"eltd-separator-holder clearfix  eltd-separator-center\">\n\t<div class=\"eltd-separator\" style=\"border-style: solid;width: 100px;border-bottom-width: 2px;margin-top: 20px;margin-bottom: 50px\"><\/div>\n<\/div>\n[\/vc_column][\/vc_row][vc_row][vc_column][vc_column_text]<\/p>\n<p style=\"text-align: center;\" data-start=\"270\" data-end=\"335\">Disposem d\u2019informaci\u00f3 detallada sobre al\u00b7l\u00e8rgies i intoler\u00e0ncies.<\/p>\n<p style=\"text-align: center;\" data-start=\"337\" data-end=\"443\">L\u2019opci\u00f3 de carta s\u2019ofereix exclusivament durant el <strong data-start=\"392\" data-end=\"412\">servei de migdia<\/strong> i sempre a <strong data-start=\"424\" data-end=\"442\">taula completa<\/strong>.<\/p>\n<p style=\"text-align: center;\" data-start=\"445\" data-end=\"812\">A causa de la complexitat i elaboraci\u00f3 dels nostres plats, no \u00e9s possible detallar tots els ingredients de cada preparaci\u00f3. Per aquest motiu, li preguem que ens informi amb <strong data-start=\"618\" data-end=\"654\">un m\u00ednim de 72 hores d\u2019antelaci\u00f3<\/strong> de qualsevol al\u00b7l\u00e8rgia, intoler\u00e0ncia, restricci\u00f3 aliment\u00e0ria o ingredient que prefereixi evitar. En cas contrari, pot ser que no puguem garantir adaptacions.<\/p>\n<p style=\"text-align: center;\" data-start=\"814\" data-end=\"910\">En cas d\u2019escollir carta, es requereix un <strong data-start=\"855\" data-end=\"909\">m\u00ednim de 3 snacks i 2 plats principals per persona<\/strong>.<\/p>\n<p style=\"text-align: center;\" data-start=\"912\" data-end=\"955\">Els nostres preus estan subjectes a canvis.<\/p>\n<p>[\/vc_column_text][\/vc_column][\/vc_row]<\/p>\n","protected":false},"excerpt":{"rendered":"<p>[vc_row][vc_column][vc_raw_html]JTNDaDElMjBjbGFzcyUzRCUyMmVsdGQtc2VjdGlvbi10aXRsZSUyMiUzRUNhcnRhJTNDJTJGaDElM0U=[\/vc_raw_html][\/vc_column][\/vc_row][vc_row disable_element=&#8221;yes&#8221;][vc_column][\/vc_column][\/vc_row][vc_row disable_element=&#8221;yes&#8221;][vc_column][vc_column_text] ESP &#8211; ENG &#8211; CAT [\/vc_column_text][\/vc_column][\/vc_row][vc_row content_width=&#8221;grid&#8221; content_aligment=&#8221;center&#8221; css=&#8221;.vc_custom_1589975720244{padding-top: 95px !important;padding-bottom: 60px !important;}&#8221;][vc_column offset=&#8221;vc_col-lg-offset-3 vc_col-lg-6 vc_col-md-offset-1 vc_col-md-10&#8243;][\/vc_column][\/vc_row][vc_row content_width=&#8221;grid&#8221; css=&#8221;.vc_custom_1475488417808{padding-bottom: 60px !important;}&#8221;][vc_column offset=&#8221;vc_col-lg-6 vc_col-md-6&#8243;][vc_empty_space height=&#8221;30px&#8221;][\/vc_column][vc_column offset=&#8221;vc_col-lg-6 vc_col-md-6&#8243;][\/vc_column][\/vc_row][vc_row content_width=&#8221;grid&#8221; content_aligment=&#8221;center&#8221; css=&#8221;.vc_custom_1589898590567{padding-top: 1px !important;padding-bottom: 60px !important;}&#8221;][vc_column offset=&#8221;vc_col-lg-offset-3 vc_col-lg-6 vc_col-md-offset-1 vc_col-md-10&#8243;][\/vc_column][\/vc_row][vc_row content_width=&#8221;grid&#8221; css=&#8221;.vc_custom_1475488417808{padding-bottom: 60px !important;}&#8221;][vc_column offset=&#8221;vc_col-lg-6&#8230;<\/p>\n","protected":false},"author":3,"featured_media":0,"parent":0,"menu_order":0,"comment_status":"closed","ping_status":"closed","template":"","meta":{"footnotes":""},"class_list":["post-9756","page","type-page","status-publish","hentry"],"_links":{"self":[{"href":"https:\/\/montbar.com\/ca\/wp-json\/wp\/v2\/pages\/9756","targetHints":{"allow":["GET"]}}],"collection":[{"href":"https:\/\/montbar.com\/ca\/wp-json\/wp\/v2\/pages"}],"about":[{"href":"https:\/\/montbar.com\/ca\/wp-json\/wp\/v2\/types\/page"}],"author":[{"embeddable":true,"href":"https:\/\/montbar.com\/ca\/wp-json\/wp\/v2\/users\/3"}],"replies":[{"embeddable":true,"href":"https:\/\/montbar.com\/ca\/wp-json\/wp\/v2\/comments?post=9756"}],"version-history":[{"count":617,"href":"https:\/\/montbar.com\/ca\/wp-json\/wp\/v2\/pages\/9756\/revisions"}],"predecessor-version":[{"id":12652,"href":"https:\/\/montbar.com\/ca\/wp-json\/wp\/v2\/pages\/9756\/revisions\/12652"}],"wp:attachment":[{"href":"https:\/\/montbar.com\/ca\/wp-json\/wp\/v2\/media?parent=9756"}],"curies":[{"name":"wp","href":"https:\/\/api.w.org\/{rel}","templated":true}]}}