{"id":9749,"date":"2019-02-28T10:21:03","date_gmt":"2019-02-28T10:21:03","guid":{"rendered":"http:\/\/www.montbar.com\/?page_id=9749"},"modified":"2025-06-10T17:23:08","modified_gmt":"2025-06-10T17:23:08","slug":"gifts","status":"publish","type":"page","link":"https:\/\/montbar.com\/en\/gifts\/","title":{"rendered":"GIFT"},"content":{"rendered":"<p>[vc_row content_width=&#8221;grid&#8221; content_aligment=&#8221;center&#8221;][vc_column][vc_raw_html]JTNDaDElMjBjbGFzcyUzRCUyMmVsdGQtc2VjdGlvbi10aXRsZSUyMiUzRVJFR0FMQSUzQyUyRmgxJTNF[\/vc_raw_html][\/vc_column][\/vc_row][vc_row disable_element=&#8221;yes&#8221; content_width=&#8221;grid&#8221; content_aligment=&#8221;center&#8221;][vc_column]<div class=\"eltd-section-title-outer-holder\" style=\"text-align: center\">\n\n\t\n\t\t\t<div class=\"eltd-section-title-title-holder\">\n\t\t\t\t<h2 class=\"eltd-section-title\" style=\";;;;;;;\">\n\t\t\t\tREGALA\t\t\t\t<\/h2>\n\t\t<\/div>\n\t\n<\/div>[\/vc_column][\/vc_row][vc_row][vc_column][vc_column_text]<\/p>\n<p class=\"TextoRegalo\" style=\"text-align: center;\">Regala una experiencia gastron\u00f3mica en Mont Bar y disfruta de la magia de comer a trav\u00e9s de peque\u00f1os bocados.<\/p>\n<p><iframe loading=\"lazy\" title=\"Reservas\" src=\"https:\/\/www.covermanager.com\/eco\/buy_products\/restaurante-montbar\/spanish\" width=\"100%\" height=\"550\" frameborder=\"0\"><\/iframe><br \/>\n<script type=\"text\/javascript\" src=\"https:\/\/www.covermanager.com\/js\/iframeResizer.min.js\"><\/script><br \/>\n<script type=\"text\/javascript\">\n                                            iFrameResize();\n                                        <\/script>[\/vc_column_text][\/vc_column][\/vc_row]<\/p>\n","protected":false},"excerpt":{"rendered":"<p>[vc_row content_width=&#8221;grid&#8221; content_aligment=&#8221;center&#8221;][vc_column][vc_raw_html]JTNDaDElMjBjbGFzcyUzRCUyMmVsdGQtc2VjdGlvbi10aXRsZSUyMiUzRVJFR0FMQSUzQyUyRmgxJTNF[\/vc_raw_html][\/vc_column][\/vc_row][vc_row disable_element=&#8221;yes&#8221; content_width=&#8221;grid&#8221; content_aligment=&#8221;center&#8221;][vc_column][\/vc_column][\/vc_row][vc_row][vc_column][vc_column_text] Regala una experiencia gastron\u00f3mica en Mont Bar y disfruta de la magia de comer a trav\u00e9s de peque\u00f1os bocados. [\/vc_column_text][\/vc_column][\/vc_row]<\/p>\n","protected":false},"author":3,"featured_media":0,"parent":0,"menu_order":0,"comment_status":"closed","ping_status":"closed","template":"","meta":{"footnotes":""},"class_list":["post-9749","page","type-page","status-publish","hentry"],"_links":{"self":[{"href":"https:\/\/montbar.com\/en\/wp-json\/wp\/v2\/pages\/9749","targetHints":{"allow":["GET"]}}],"collection":[{"href":"https:\/\/montbar.com\/en\/wp-json\/wp\/v2\/pages"}],"about":[{"href":"https:\/\/montbar.com\/en\/wp-json\/wp\/v2\/types\/page"}],"author":[{"embeddable":true,"href":"https:\/\/montbar.com\/en\/wp-json\/wp\/v2\/users\/3"}],"replies":[{"embeddable":true,"href":"https:\/\/montbar.com\/en\/wp-json\/wp\/v2\/comments?post=9749"}],"version-history":[{"count":10,"href":"https:\/\/montbar.com\/en\/wp-json\/wp\/v2\/pages\/9749\/revisions"}],"predecessor-version":[{"id":12223,"href":"https:\/\/montbar.com\/en\/wp-json\/wp\/v2\/pages\/9749\/revisions\/12223"}],"wp:attachment":[{"href":"https:\/\/montbar.com\/en\/wp-json\/wp\/v2\/media?parent=9749"}],"curies":[{"name":"wp","href":"https:\/\/api.w.org\/{rel}","templated":true}]}}